{"id":1447,"date":"2021-02-14T13:33:01","date_gmt":"2021-02-14T13:33:01","guid":{"rendered":"https:\/\/karbonguclendirme.com\/?page_id=1447"},"modified":"2021-02-14T13:33:01","modified_gmt":"2021-02-14T13:33:01","slug":"kocaeli-karbon-fiber-bina-guclendirme-iletisim","status":"publish","type":"page","link":"https:\/\/kolon-guclendirme.com\/kocaeli\/kocaeli-karbon-fiber-bina-guclendirme-iletisim\/","title":{"rendered":"Kocaeli Karbon Fiber Bina G\u00fc\u00e7lendirme \u0130leti\u015fim"},"content":{"rendered":"<p>Ho\u015f geldiniz! Kocaeli&#8217;da karbon fiber ile bina g\u00fc\u00e7lendirme konusunda size hizmet vermekten mutluluk duyar\u0131z. G\u00fc\u00e7lendirdi\u011fimiz binalar\u0131n dayan\u0131kl\u0131l\u0131\u011f\u0131n\u0131 art\u0131rmak, gelece\u011fi sa\u011flam temeller \u00fczerine in\u015fa etmek amac\u0131m\u0131zd\u0131r.<\/p>\n<p>\u0130leti\u015fime ge\u00e7mek i\u00e7in a\u015fa\u011f\u0131daki bilgileri kullanabilir veya ileti\u015fim formunu doldurabilirsiniz. Sizinle \u00e7al\u0131\u015fmay\u0131 d\u00f6rt g\u00f6zle bekliyoruz.<\/p>\n<h3 style=\"text-align: center\">T\u00dcRK\u0130YE GENEL\u0130 H\u0130ZMET VERMEKTEY\u0130Z<\/h3>\n<h2>\u0130leti\u015fim Bilgileri<\/h2>\n<p><strong>Adres:<\/strong> Kocaeli, Kocaeli, T\u00fcrkiye<br \/>\n<strong>Telefon:<\/strong> <a href=\"tel:+905427483855\">+90 542 748 3855<\/a><br \/>\n<strong>E-posta:<\/strong> <a href=\"mailto:info@Kocaelikarbon.com.tr\" target=\"_new\" rel=\"noopener\">info@karbonguclendirme.com<\/a><\/p>\n","protected":false},"excerpt":{"rendered":"<p>Ho\u015f geldiniz! Kocaeli&#8217;da karbon fiber ile bina g\u00fc\u00e7lendirme konusunda size hizmet vermekten mutluluk duyar\u0131z. G\u00fc\u00e7lendirdi\u011fimiz binalar\u0131n dayan\u0131kl\u0131l\u0131\u011f\u0131n\u0131 art\u0131rmak, gelece\u011fi sa\u011flam temeller \u00fczerine in\u015fa etmek amac\u0131m\u0131zd\u0131r. \u0130leti\u015fime ge\u00e7mek i\u00e7in a\u015fa\u011f\u0131daki bilgileri &#8230;<\/p>\n","protected":false},"author":1,"featured_media":0,"parent":0,"menu_order":0,"comment_status":"closed","ping_status":"closed","template":"","meta":{"footnotes":""},"_links":{"self":[{"href":"https:\/\/kolon-guclendirme.com\/kocaeli\/wp-json\/wp\/v2\/pages\/1447"}],"collection":[{"href":"https:\/\/kolon-guclendirme.com\/kocaeli\/wp-json\/wp\/v2\/pages"}],"about":[{"href":"https:\/\/kolon-guclendirme.com\/kocaeli\/wp-json\/wp\/v2\/types\/page"}],"author":[{"embeddable":true,"href":"https:\/\/kolon-guclendirme.com\/kocaeli\/wp-json\/wp\/v2\/users\/1"}],"replies":[{"embeddable":true,"href":"https:\/\/kolon-guclendirme.com\/kocaeli\/wp-json\/wp\/v2\/comments?post=1447"}],"version-history":[{"count":0,"href":"https:\/\/kolon-guclendirme.com\/kocaeli\/wp-json\/wp\/v2\/pages\/1447\/revisions"}],"wp:attachment":[{"href":"https:\/\/kolon-guclendirme.com\/kocaeli\/wp-json\/wp\/v2\/media?parent=1447"}],"curies":[{"name":"wp","href":"https:\/\/api.w.org\/{rel}","templated":true}]}}