{"id":1496,"date":"2023-09-13T19:06:21","date_gmt":"2023-09-13T16:06:21","guid":{"rendered":"https:\/\/kolon-guclendirme.com\/istanbul\/istanbul-karbon-guclendirme-resimleri\/"},"modified":"2023-10-06T15:21:04","modified_gmt":"2023-10-06T12:21:04","slug":"istanbul-karbon-guclendirme-resimleri","status":"publish","type":"page","link":"https:\/\/kolon-guclendirme.com\/istanbul\/istanbul-karbon-guclendirme-resimleri\/","title":{"rendered":"istanbul Karbon G\u00fc\u00e7lendirme Resimleri"},"content":{"rendered":"\n<figure class=\"wp-block-gallery has-nested-images columns-default is-cropped wp-block-gallery-1 is-layout-flex wp-block-gallery-is-layout-flex\">\n<figure class=\"wp-block-image size-large\"><a href=\"https:\/\/kolon-guclendirme.com\/istanbul\/wp-content\/uploads\/sites\/2\/2023\/09\/Istanbul-Carbon-kece-bina-guclendirme-malzemesi-76527.webp\"><img loading=\"lazy\" decoding=\"async\" width=\"853\" height=\"1200\" data-id=\"1758\" src=\"https:\/\/kolon-guclendirme.com\/istanbul\/wp-content\/uploads\/sites\/2\/2023\/09\/Istanbul-Carbon-kece-bina-guclendirme-malzemesi-76527.webp\" alt=\"\" class=\"wp-image-1758\" srcset=\"https:\/\/kolon-guclendirme.com\/istanbul\/wp-content\/uploads\/sites\/2\/2023\/09\/Istanbul-Carbon-kece-bina-guclendirme-malzemesi-76527.webp 853w, https:\/\/kolon-guclendirme.com\/istanbul\/wp-content\/uploads\/sites\/2\/2023\/09\/Istanbul-Carbon-kece-bina-guclendirme-malzemesi-76527-768x1080.webp 768w\" sizes=\"(max-width: 853px) 100vw, 853px\" \/><\/a><\/figure>\n\n\n\n<figure class=\"wp-block-image size-large\"><a href=\"https:\/\/kolon-guclendirme.com\/istanbul\/wp-content\/uploads\/sites\/2\/2023\/09\/Istanbul-Bina-restorasyonu-90681.webp\"><img loading=\"lazy\" decoding=\"async\" width=\"853\" height=\"1200\" data-id=\"1752\" src=\"https:\/\/kolon-guclendirme.com\/istanbul\/wp-content\/uploads\/sites\/2\/2023\/09\/Istanbul-Bina-restorasyonu-90681.webp\" alt=\"Esenler Kolon frp lif g\u00fc\u00e7lendirme fiyatlar\u0131\" class=\"wp-image-1752\" srcset=\"https:\/\/kolon-guclendirme.com\/istanbul\/wp-content\/uploads\/sites\/2\/2023\/09\/Istanbul-Bina-restorasyonu-90681.webp 853w, https:\/\/kolon-guclendirme.com\/istanbul\/wp-content\/uploads\/sites\/2\/2023\/09\/Istanbul-Bina-restorasyonu-90681-768x1080.webp 768w\" sizes=\"(max-width: 853px) 100vw, 853px\" \/><\/a><\/figure>\n\n\n\n<figure class=\"wp-block-image size-large\"><a href=\"https:\/\/kolon-guclendirme.com\/istanbul\/wp-content\/uploads\/sites\/2\/2023\/09\/Istanbul-Bina-karbon-elyaf-guclendirme-fiyati-21918.webp\"><img loading=\"lazy\" decoding=\"async\" width=\"853\" height=\"1200\" data-id=\"1747\" src=\"https:\/\/kolon-guclendirme.com\/istanbul\/wp-content\/uploads\/sites\/2\/2023\/09\/Istanbul-Bina-karbon-elyaf-guclendirme-fiyati-21918.webp\" alt=\"B\u00fcy\u00fck\u00e7ekmece Carbon elyaf tavan kaplama malzemesi\" class=\"wp-image-1747\" srcset=\"https:\/\/kolon-guclendirme.com\/istanbul\/wp-content\/uploads\/sites\/2\/2023\/09\/Istanbul-Bina-karbon-elyaf-guclendirme-fiyati-21918.webp 853w, https:\/\/kolon-guclendirme.com\/istanbul\/wp-content\/uploads\/sites\/2\/2023\/09\/Istanbul-Bina-karbon-elyaf-guclendirme-fiyati-21918-768x1080.webp 768w\" sizes=\"(max-width: 853px) 100vw, 853px\" \/><\/a><\/figure>\n\n\n\n<figure class=\"wp-block-image size-large\"><a href=\"https:\/\/kolon-guclendirme.com\/istanbul\/wp-content\/uploads\/sites\/2\/2023\/09\/Istanbul-Bina-guclendirme-yasasi-88850.webp\"><img loading=\"lazy\" decoding=\"async\" width=\"853\" height=\"1200\" data-id=\"1746\" src=\"https:\/\/kolon-guclendirme.com\/istanbul\/wp-content\/uploads\/sites\/2\/2023\/09\/Istanbul-Bina-guclendirme-yasasi-88850.webp\" alt=\"\" class=\"wp-image-1746\" srcset=\"https:\/\/kolon-guclendirme.com\/istanbul\/wp-content\/uploads\/sites\/2\/2023\/09\/Istanbul-Bina-guclendirme-yasasi-88850.webp 853w, https:\/\/kolon-guclendirme.com\/istanbul\/wp-content\/uploads\/sites\/2\/2023\/09\/Istanbul-Bina-guclendirme-yasasi-88850-768x1080.webp 768w\" sizes=\"(max-width: 853px) 100vw, 853px\" \/><\/a><\/figure>\n\n\n\n<figure class=\"wp-block-image size-large\"><a href=\"https:\/\/kolon-guclendirme.com\/istanbul\/wp-content\/uploads\/sites\/2\/2023\/09\/Istanbul-Bina-guclendirme-yasasi-32529.webp\"><img loading=\"lazy\" decoding=\"async\" width=\"853\" height=\"1200\" data-id=\"1745\" src=\"https:\/\/kolon-guclendirme.com\/istanbul\/wp-content\/uploads\/sites\/2\/2023\/09\/Istanbul-Bina-guclendirme-yasasi-32529.webp\" alt=\"\" class=\"wp-image-1745\" srcset=\"https:\/\/kolon-guclendirme.com\/istanbul\/wp-content\/uploads\/sites\/2\/2023\/09\/Istanbul-Bina-guclendirme-yasasi-32529.webp 853w, https:\/\/kolon-guclendirme.com\/istanbul\/wp-content\/uploads\/sites\/2\/2023\/09\/Istanbul-Bina-guclendirme-yasasi-32529-768x1080.webp 768w\" sizes=\"(max-width: 853px) 100vw, 853px\" \/><\/a><\/figure>\n\n\n\n<figure class=\"wp-block-image size-large\"><a href=\"https:\/\/kolon-guclendirme.com\/istanbul\/wp-content\/uploads\/sites\/2\/2023\/09\/Istanbul-Bina-guclendirme-maliyeti-2022-3234.webp\"><img loading=\"lazy\" decoding=\"async\" width=\"853\" height=\"1200\" data-id=\"1743\" src=\"https:\/\/kolon-guclendirme.com\/istanbul\/wp-content\/uploads\/sites\/2\/2023\/09\/Istanbul-Bina-guclendirme-maliyeti-2022-3234.webp\" alt=\"\" class=\"wp-image-1743\" srcset=\"https:\/\/kolon-guclendirme.com\/istanbul\/wp-content\/uploads\/sites\/2\/2023\/09\/Istanbul-Bina-guclendirme-maliyeti-2022-3234.webp 853w, https:\/\/kolon-guclendirme.com\/istanbul\/wp-content\/uploads\/sites\/2\/2023\/09\/Istanbul-Bina-guclendirme-maliyeti-2022-3234-768x1080.webp 768w\" sizes=\"(max-width: 853px) 100vw, 853px\" \/><\/a><\/figure>\n\n\n\n<figure class=\"wp-block-image size-large\"><a href=\"https:\/\/kolon-guclendirme.com\/istanbul\/wp-content\/uploads\/sites\/2\/2023\/09\/Istanbul-bina-guclendirme-karbon-lifli-polimer-fiyatlari-80768.webp\"><img loading=\"lazy\" decoding=\"async\" width=\"853\" height=\"1200\" data-id=\"1742\" src=\"https:\/\/kolon-guclendirme.com\/istanbul\/wp-content\/uploads\/sites\/2\/2023\/09\/Istanbul-bina-guclendirme-karbon-lifli-polimer-fiyatlari-80768.webp\" alt=\"\" class=\"wp-image-1742\" srcset=\"https:\/\/kolon-guclendirme.com\/istanbul\/wp-content\/uploads\/sites\/2\/2023\/09\/Istanbul-bina-guclendirme-karbon-lifli-polimer-fiyatlari-80768.webp 853w, https:\/\/kolon-guclendirme.com\/istanbul\/wp-content\/uploads\/sites\/2\/2023\/09\/Istanbul-bina-guclendirme-karbon-lifli-polimer-fiyatlari-80768-768x1080.webp 768w\" sizes=\"(max-width: 853px) 100vw, 853px\" \/><\/a><\/figure>\n\n\n\n<figure class=\"wp-block-image size-large\"><a href=\"https:\/\/kolon-guclendirme.com\/istanbul\/wp-content\/uploads\/sites\/2\/2023\/09\/Istanbul-Bina-frp-kaplama-sistemleri-29467.webp\"><img loading=\"lazy\" decoding=\"async\" width=\"853\" height=\"1200\" data-id=\"1736\" src=\"https:\/\/kolon-guclendirme.com\/istanbul\/wp-content\/uploads\/sites\/2\/2023\/09\/Istanbul-Bina-frp-kaplama-sistemleri-29467.webp\" alt=\"\" class=\"wp-image-1736\" srcset=\"https:\/\/kolon-guclendirme.com\/istanbul\/wp-content\/uploads\/sites\/2\/2023\/09\/Istanbul-Bina-frp-kaplama-sistemleri-29467.webp 853w, https:\/\/kolon-guclendirme.com\/istanbul\/wp-content\/uploads\/sites\/2\/2023\/09\/Istanbul-Bina-frp-kaplama-sistemleri-29467-768x1080.webp 768w\" sizes=\"(max-width: 853px) 100vw, 853px\" \/><\/a><\/figure>\n\n\n\n<figure class=\"wp-block-image size-large\"><a href=\"https:\/\/kolon-guclendirme.com\/istanbul\/wp-content\/uploads\/sites\/2\/2023\/09\/Istanbul-Betonarme-kiris-guclendirme-yapanlar-57243.webp\"><img loading=\"lazy\" decoding=\"async\" width=\"853\" height=\"1200\" data-id=\"1730\" src=\"https:\/\/kolon-guclendirme.com\/istanbul\/wp-content\/uploads\/sites\/2\/2023\/09\/Istanbul-Betonarme-kiris-guclendirme-yapanlar-57243.webp\" alt=\"\" class=\"wp-image-1730\" srcset=\"https:\/\/kolon-guclendirme.com\/istanbul\/wp-content\/uploads\/sites\/2\/2023\/09\/Istanbul-Betonarme-kiris-guclendirme-yapanlar-57243.webp 853w, https:\/\/kolon-guclendirme.com\/istanbul\/wp-content\/uploads\/sites\/2\/2023\/09\/Istanbul-Betonarme-kiris-guclendirme-yapanlar-57243-768x1080.webp 768w\" sizes=\"(max-width: 853px) 100vw, 853px\" \/><\/a><\/figure>\n\n\n\n<figure class=\"wp-block-image size-large\"><a href=\"https:\/\/kolon-guclendirme.com\/istanbul\/wp-content\/uploads\/sites\/2\/2023\/09\/Istanbul-Bina-frp-guclendirme-firmasi-79502.webp\"><img loading=\"lazy\" decoding=\"async\" width=\"853\" height=\"1200\" data-id=\"1733\" src=\"https:\/\/kolon-guclendirme.com\/istanbul\/wp-content\/uploads\/sites\/2\/2023\/09\/Istanbul-Bina-frp-guclendirme-firmasi-79502.webp\" alt=\"\" class=\"wp-image-1733\" srcset=\"https:\/\/kolon-guclendirme.com\/istanbul\/wp-content\/uploads\/sites\/2\/2023\/09\/Istanbul-Bina-frp-guclendirme-firmasi-79502.webp 853w, https:\/\/kolon-guclendirme.com\/istanbul\/wp-content\/uploads\/sites\/2\/2023\/09\/Istanbul-Bina-frp-guclendirme-firmasi-79502-768x1080.webp 768w\" sizes=\"(max-width: 853px) 100vw, 853px\" \/><\/a><\/figure>\n\n\n\n<figure class=\"wp-block-image size-large\"><a href=\"https:\/\/kolon-guclendirme.com\/istanbul\/wp-content\/uploads\/sites\/2\/2023\/09\/Istanbul-Bina-frp-guclendirme-yapanlar-96414.webp\"><img loading=\"lazy\" decoding=\"async\" width=\"853\" height=\"1200\" data-id=\"1734\" src=\"https:\/\/kolon-guclendirme.com\/istanbul\/wp-content\/uploads\/sites\/2\/2023\/09\/Istanbul-Bina-frp-guclendirme-yapanlar-96414.webp\" alt=\"\" class=\"wp-image-1734\" srcset=\"https:\/\/kolon-guclendirme.com\/istanbul\/wp-content\/uploads\/sites\/2\/2023\/09\/Istanbul-Bina-frp-guclendirme-yapanlar-96414.webp 853w, https:\/\/kolon-guclendirme.com\/istanbul\/wp-content\/uploads\/sites\/2\/2023\/09\/Istanbul-Bina-frp-guclendirme-yapanlar-96414-768x1080.webp 768w\" sizes=\"(max-width: 853px) 100vw, 853px\" \/><\/a><\/figure>\n\n\n\n<figure class=\"wp-block-image size-large\"><a href=\"https:\/\/kolon-guclendirme.com\/istanbul\/wp-content\/uploads\/sites\/2\/2023\/09\/Istanbul-6-katli-bina-guclendirme-firmalari-95165.webp\"><img loading=\"lazy\" decoding=\"async\" width=\"853\" height=\"1200\" data-id=\"1720\" src=\"https:\/\/kolon-guclendirme.com\/istanbul\/wp-content\/uploads\/sites\/2\/2023\/09\/Istanbul-6-katli-bina-guclendirme-firmalari-95165.webp\" alt=\"\" class=\"wp-image-1720\" srcset=\"https:\/\/kolon-guclendirme.com\/istanbul\/wp-content\/uploads\/sites\/2\/2023\/09\/Istanbul-6-katli-bina-guclendirme-firmalari-95165.webp 853w, https:\/\/kolon-guclendirme.com\/istanbul\/wp-content\/uploads\/sites\/2\/2023\/09\/Istanbul-6-katli-bina-guclendirme-firmalari-95165-768x1080.webp 768w\" sizes=\"(max-width: 853px) 100vw, 853px\" \/><\/a><\/figure>\n\n\n\n<figure class=\"wp-block-image size-large\"><a href=\"https:\/\/kolon-guclendirme.com\/istanbul\/wp-content\/uploads\/sites\/2\/2023\/09\/Istanbul-6-katli-apartman-guclendirme-fiyati-48843.webp\"><img loading=\"lazy\" decoding=\"async\" width=\"853\" height=\"1200\" data-id=\"1719\" src=\"https:\/\/kolon-guclendirme.com\/istanbul\/wp-content\/uploads\/sites\/2\/2023\/09\/Istanbul-6-katli-apartman-guclendirme-fiyati-48843.webp\" alt=\"\" class=\"wp-image-1719\" srcset=\"https:\/\/kolon-guclendirme.com\/istanbul\/wp-content\/uploads\/sites\/2\/2023\/09\/Istanbul-6-katli-apartman-guclendirme-fiyati-48843.webp 853w, https:\/\/kolon-guclendirme.com\/istanbul\/wp-content\/uploads\/sites\/2\/2023\/09\/Istanbul-6-katli-apartman-guclendirme-fiyati-48843-768x1080.webp 768w\" sizes=\"(max-width: 853px) 100vw, 853px\" \/><\/a><\/figure>\n\n\n\n<figure class=\"wp-block-image size-large\"><a href=\"https:\/\/kolon-guclendirme.com\/istanbul\/wp-content\/uploads\/sites\/2\/2023\/09\/Istanbul-Zemin-karbon-elyaf-guclendirme-maliyeti-22232.webp\"><img loading=\"lazy\" decoding=\"async\" width=\"853\" height=\"1200\" data-id=\"1705\" src=\"https:\/\/kolon-guclendirme.com\/istanbul\/wp-content\/uploads\/sites\/2\/2023\/09\/Istanbul-Zemin-karbon-elyaf-guclendirme-maliyeti-22232.webp\" alt=\"\" class=\"wp-image-1705\" srcset=\"https:\/\/kolon-guclendirme.com\/istanbul\/wp-content\/uploads\/sites\/2\/2023\/09\/Istanbul-Zemin-karbon-elyaf-guclendirme-maliyeti-22232.webp 853w, https:\/\/kolon-guclendirme.com\/istanbul\/wp-content\/uploads\/sites\/2\/2023\/09\/Istanbul-Zemin-karbon-elyaf-guclendirme-maliyeti-22232-768x1080.webp 768w\" sizes=\"(max-width: 853px) 100vw, 853px\" \/><\/a><\/figure>\n\n\n\n<figure class=\"wp-block-image size-large\"><a href=\"https:\/\/kolon-guclendirme.com\/istanbul\/wp-content\/uploads\/sites\/2\/2023\/09\/Istanbul-Teras-karbon-kece-guclendirme-maliyeti-95567.webp\"><img loading=\"lazy\" decoding=\"async\" width=\"853\" height=\"1200\" data-id=\"1688\" src=\"https:\/\/kolon-guclendirme.com\/istanbul\/wp-content\/uploads\/sites\/2\/2023\/09\/Istanbul-Teras-karbon-kece-guclendirme-maliyeti-95567.webp\" alt=\"\" class=\"wp-image-1688\" srcset=\"https:\/\/kolon-guclendirme.com\/istanbul\/wp-content\/uploads\/sites\/2\/2023\/09\/Istanbul-Teras-karbon-kece-guclendirme-maliyeti-95567.webp 853w, https:\/\/kolon-guclendirme.com\/istanbul\/wp-content\/uploads\/sites\/2\/2023\/09\/Istanbul-Teras-karbon-kece-guclendirme-maliyeti-95567-768x1080.webp 768w\" sizes=\"(max-width: 853px) 100vw, 853px\" \/><\/a><\/figure>\n<\/figure>\n","protected":false},"excerpt":{"rendered":"","protected":false},"author":1,"featured_media":0,"parent":0,"menu_order":0,"comment_status":"closed","ping_status":"closed","template":"","meta":{"footnotes":""},"_links":{"self":[{"href":"https:\/\/kolon-guclendirme.com\/istanbul\/wp-json\/wp\/v2\/pages\/1496"}],"collection":[{"href":"https:\/\/kolon-guclendirme.com\/istanbul\/wp-json\/wp\/v2\/pages"}],"about":[{"href":"https:\/\/kolon-guclendirme.com\/istanbul\/wp-json\/wp\/v2\/types\/page"}],"author":[{"embeddable":true,"href":"https:\/\/kolon-guclendirme.com\/istanbul\/wp-json\/wp\/v2\/users\/1"}],"replies":[{"embeddable":true,"href":"https:\/\/kolon-guclendirme.com\/istanbul\/wp-json\/wp\/v2\/comments?post=1496"}],"version-history":[{"count":2,"href":"https:\/\/kolon-guclendirme.com\/istanbul\/wp-json\/wp\/v2\/pages\/1496\/revisions"}],"predecessor-version":[{"id":2232,"href":"https:\/\/kolon-guclendirme.com\/istanbul\/wp-json\/wp\/v2\/pages\/1496\/revisions\/2232"}],"wp:attachment":[{"href":"https:\/\/kolon-guclendirme.com\/istanbul\/wp-json\/wp\/v2\/media?parent=1496"}],"curies":[{"name":"wp","href":"https:\/\/api.w.org\/{rel}","templated":true}]}}