{"id":1793,"date":"2023-10-06T19:38:57","date_gmt":"2023-10-06T16:38:57","guid":{"rendered":"https:\/\/kolon-guclendirme.com\/gumushane\/gumushane-karbon-guclendirme-resimleri\/"},"modified":"2023-10-06T19:38:57","modified_gmt":"2023-10-06T16:38:57","slug":"gumushane-karbon-guclendirme-resimleri","status":"publish","type":"page","link":"https:\/\/kolon-guclendirme.com\/gumushane\/gumushane-karbon-guclendirme-resimleri\/","title":{"rendered":"G\u00fcm\u00fc\u015fhane Karbon G\u00fc\u00e7lendirme Resimleri"},"content":{"rendered":"\n    \n    <figure class=\"wp-block-gallery has-nested-images columns-default is-cropped wp-block-gallery-1 is-layout-flex wp-block-gallery-is-layout-flex\">\n    \n        \n        <figure class=\"wp-block-image size-large\">\n        <a href=\"https:\/\/kolon-guclendirme.com\/gumushane\/wp-content\/uploads\/sites\/56\/2023\/09\/Gumushane-Kiris-karbon-guclendirme-malzemesi-28862.webp\">\n        <img loading=\"lazy\" decoding=\"async\" width=\"853\" height=\"1200\" data-id=\"1614\" src=\"https:\/\/kolon-guclendirme.com\/gumushane\/wp-content\/uploads\/sites\/56\/2023\/09\/Gumushane-Kiris-karbon-guclendirme-malzemesi-28862.webp\" alt=\"G\u00fcm\u00fc\u015fhane Frp fiber zemin kaplama\" class=\"wp-image-1614\" srcset=\"https:\/\/kolon-guclendirme.com\/gumushane\/wp-content\/uploads\/sites\/56\/2023\/09\/Gumushane-Kiris-karbon-guclendirme-malzemesi-28862.webp 853w, https:\/\/kolon-guclendirme.com\/gumushane\/wp-content\/uploads\/sites\/56\/2023\/09\/Gumushane-Kiris-karbon-guclendirme-malzemesi-28862-768x1080.webp 768w\" sizes=\"(max-width: 853px) 100vw, 853px\" \/><\/a>\n        <\/figure>\n        \n        \n        \n        <figure class=\"wp-block-image size-large\">\n        <a href=\"https:\/\/kolon-guclendirme.com\/gumushane\/wp-content\/uploads\/sites\/56\/2023\/09\/Gumushane-FRP-Kiris-Uygulama-97565.webp\">\n        <img loading=\"lazy\" decoding=\"async\" width=\"853\" height=\"1200\" data-id=\"1540\" src=\"https:\/\/kolon-guclendirme.com\/gumushane\/wp-content\/uploads\/sites\/56\/2023\/09\/Gumushane-FRP-Kiris-Uygulama-97565.webp\" alt=\"G\u00fcm\u00fc\u015fhane Teras frp fiber g\u00fc\u00e7lendirme yapanlar\" class=\"wp-image-1540\" srcset=\"https:\/\/kolon-guclendirme.com\/gumushane\/wp-content\/uploads\/sites\/56\/2023\/09\/Gumushane-FRP-Kiris-Uygulama-97565.webp 853w, https:\/\/kolon-guclendirme.com\/gumushane\/wp-content\/uploads\/sites\/56\/2023\/09\/Gumushane-FRP-Kiris-Uygulama-97565-768x1080.webp 768w\" sizes=\"(max-width: 853px) 100vw, 853px\" \/><\/a>\n        <\/figure>\n        \n        \n        \n        <figure class=\"wp-block-image size-large\">\n        <a href=\"https:\/\/kolon-guclendirme.com\/gumushane\/wp-content\/uploads\/sites\/56\/2023\/09\/Gumushane-Kiris-karbon-fiber-kaplama-firmasi-13837.webp\">\n        <img loading=\"lazy\" decoding=\"async\" width=\"853\" height=\"1200\" data-id=\"1613\" src=\"https:\/\/kolon-guclendirme.com\/gumushane\/wp-content\/uploads\/sites\/56\/2023\/09\/Gumushane-Kiris-karbon-fiber-kaplama-firmasi-13837.webp\" alt=\"G\u00fcm\u00fc\u015fhane Kiri\u015f frp kaplama malzemesi\" class=\"wp-image-1613\" srcset=\"https:\/\/kolon-guclendirme.com\/gumushane\/wp-content\/uploads\/sites\/56\/2023\/09\/Gumushane-Kiris-karbon-fiber-kaplama-firmasi-13837.webp 853w, https:\/\/kolon-guclendirme.com\/gumushane\/wp-content\/uploads\/sites\/56\/2023\/09\/Gumushane-Kiris-karbon-fiber-kaplama-firmasi-13837-768x1080.webp 768w\" sizes=\"(max-width: 853px) 100vw, 853px\" \/><\/a>\n        <\/figure>\n        \n        \n        \n        <figure class=\"wp-block-image size-large\">\n        <a href=\"https:\/\/kolon-guclendirme.com\/gumushane\/wp-content\/uploads\/sites\/56\/2023\/09\/Gumushane-Carbon-elyaf-bina-kaplama-firmalari-39146.webp\">\n        <img loading=\"lazy\" decoding=\"async\" width=\"853\" height=\"1200\" data-id=\"1483\" src=\"https:\/\/kolon-guclendirme.com\/gumushane\/wp-content\/uploads\/sites\/56\/2023\/09\/Gumushane-Carbon-elyaf-bina-kaplama-firmalari-39146.webp\" alt=\"G\u00fcm\u00fc\u015fhane karbon bina g\u00fc\u00e7lendirme\" class=\"wp-image-1483\" srcset=\"https:\/\/kolon-guclendirme.com\/gumushane\/wp-content\/uploads\/sites\/56\/2023\/09\/Gumushane-Carbon-elyaf-bina-kaplama-firmalari-39146.webp 853w, https:\/\/kolon-guclendirme.com\/gumushane\/wp-content\/uploads\/sites\/56\/2023\/09\/Gumushane-Carbon-elyaf-bina-kaplama-firmalari-39146-768x1080.webp 768w\" sizes=\"(max-width: 853px) 100vw, 853px\" \/><\/a>\n        <\/figure>\n        \n        \n        \n        <figure class=\"wp-block-image size-large\">\n        <a href=\"https:\/\/kolon-guclendirme.com\/gumushane\/wp-content\/uploads\/sites\/56\/2023\/09\/Gumushane-Karbon-elyaf-ise-yarar-mi-32577.webp\">\n        <img loading=\"lazy\" decoding=\"async\" width=\"853\" height=\"1200\" data-id=\"1552\" src=\"https:\/\/kolon-guclendirme.com\/gumushane\/wp-content\/uploads\/sites\/56\/2023\/09\/Gumushane-Karbon-elyaf-ise-yarar-mi-32577.webp\" alt=\"G\u00fcm\u00fc\u015fhane Karbon elyaf zemin g\u00fc\u00e7lendirme maliyeti\" class=\"wp-image-1552\" srcset=\"https:\/\/kolon-guclendirme.com\/gumushane\/wp-content\/uploads\/sites\/56\/2023\/09\/Gumushane-Karbon-elyaf-ise-yarar-mi-32577.webp 853w, https:\/\/kolon-guclendirme.com\/gumushane\/wp-content\/uploads\/sites\/56\/2023\/09\/Gumushane-Karbon-elyaf-ise-yarar-mi-32577-768x1080.webp 768w\" sizes=\"(max-width: 853px) 100vw, 853px\" \/><\/a>\n        <\/figure>\n        \n        \n        \n        <figure class=\"wp-block-image size-large\">\n        <a href=\"https:\/\/kolon-guclendirme.com\/gumushane\/wp-content\/uploads\/sites\/56\/2023\/09\/Gumushane-Duvar-karbon-kece-guclendirme-maliyeti-19812.webp\">\n        <img loading=\"lazy\" decoding=\"async\" width=\"853\" height=\"1200\" data-id=\"1514\" src=\"https:\/\/kolon-guclendirme.com\/gumushane\/wp-content\/uploads\/sites\/56\/2023\/09\/Gumushane-Duvar-karbon-kece-guclendirme-maliyeti-19812.webp\" alt=\"G\u00fcm\u00fc\u015fhane Teras karbon ke\u00e7e kaplama sistemleri\" class=\"wp-image-1514\" srcset=\"https:\/\/kolon-guclendirme.com\/gumushane\/wp-content\/uploads\/sites\/56\/2023\/09\/Gumushane-Duvar-karbon-kece-guclendirme-maliyeti-19812.webp 853w, https:\/\/kolon-guclendirme.com\/gumushane\/wp-content\/uploads\/sites\/56\/2023\/09\/Gumushane-Duvar-karbon-kece-guclendirme-maliyeti-19812-768x1080.webp 768w\" sizes=\"(max-width: 853px) 100vw, 853px\" \/><\/a>\n        <\/figure>\n        \n        \n        \n        <figure class=\"wp-block-image size-large\">\n        <a href=\"https:\/\/kolon-guclendirme.com\/gumushane\/wp-content\/uploads\/sites\/56\/2023\/09\/Gumushane-Carbon-elyaf-duvar-kaplama-sistemleri-58347.webp\">\n        <img loading=\"lazy\" decoding=\"async\" width=\"853\" height=\"1200\" data-id=\"1485\" src=\"https:\/\/kolon-guclendirme.com\/gumushane\/wp-content\/uploads\/sites\/56\/2023\/09\/Gumushane-Carbon-elyaf-duvar-kaplama-sistemleri-58347.webp\" alt=\"G\u00fcm\u00fc\u015fhane Bina frp elyaf g\u00fc\u00e7lendirme sistemleri\" class=\"wp-image-1485\" srcset=\"https:\/\/kolon-guclendirme.com\/gumushane\/wp-content\/uploads\/sites\/56\/2023\/09\/Gumushane-Carbon-elyaf-duvar-kaplama-sistemleri-58347.webp 853w, https:\/\/kolon-guclendirme.com\/gumushane\/wp-content\/uploads\/sites\/56\/2023\/09\/Gumushane-Carbon-elyaf-duvar-kaplama-sistemleri-58347-768x1080.webp 768w\" sizes=\"(max-width: 853px) 100vw, 853px\" \/><\/a>\n        <\/figure>\n        \n        \n        \n        <figure class=\"wp-block-image size-large\">\n        <a href=\"https:\/\/kolon-guclendirme.com\/gumushane\/wp-content\/uploads\/sites\/56\/2023\/09\/Gumushane-Kolon-deformasyon-analiz-araclari-78649.webp\">\n        <img loading=\"lazy\" decoding=\"async\" width=\"853\" height=\"1200\" data-id=\"1620\" src=\"https:\/\/kolon-guclendirme.com\/gumushane\/wp-content\/uploads\/sites\/56\/2023\/09\/Gumushane-Kolon-deformasyon-analiz-araclari-78649.webp\" alt=\"G\u00fcm\u00fc\u015fhane Kolon temel g\u00fc\u00e7lendirme\" class=\"wp-image-1620\" srcset=\"https:\/\/kolon-guclendirme.com\/gumushane\/wp-content\/uploads\/sites\/56\/2023\/09\/Gumushane-Kolon-deformasyon-analiz-araclari-78649.webp 853w, https:\/\/kolon-guclendirme.com\/gumushane\/wp-content\/uploads\/sites\/56\/2023\/09\/Gumushane-Kolon-deformasyon-analiz-araclari-78649-768x1080.webp 768w\" sizes=\"(max-width: 853px) 100vw, 853px\" \/><\/a>\n        <\/figure>\n        \n        \n        \n        <figure class=\"wp-block-image size-large\">\n        <a href=\"https:\/\/kolon-guclendirme.com\/gumushane\/wp-content\/uploads\/sites\/56\/2023\/09\/Gumushane-CFRP-Kolon-Guclendirme-Proje-Yonetimi-39791.webp\">\n        <img loading=\"lazy\" decoding=\"async\" width=\"853\" height=\"1200\" data-id=\"1504\" src=\"https:\/\/kolon-guclendirme.com\/gumushane\/wp-content\/uploads\/sites\/56\/2023\/09\/Gumushane-CFRP-Kolon-Guclendirme-Proje-Yonetimi-39791.webp\" alt=\"G\u00fcm\u00fc\u015fhane Tavan frp kaplama maliyeti\" class=\"wp-image-1504\" srcset=\"https:\/\/kolon-guclendirme.com\/gumushane\/wp-content\/uploads\/sites\/56\/2023\/09\/Gumushane-CFRP-Kolon-Guclendirme-Proje-Yonetimi-39791.webp 853w, https:\/\/kolon-guclendirme.com\/gumushane\/wp-content\/uploads\/sites\/56\/2023\/09\/Gumushane-CFRP-Kolon-Guclendirme-Proje-Yonetimi-39791-768x1080.webp 768w\" sizes=\"(max-width: 853px) 100vw, 853px\" \/><\/a>\n        <\/figure>\n        \n        <\/figure>\n","protected":false},"excerpt":{"rendered":"","protected":false},"author":1,"featured_media":0,"parent":0,"menu_order":0,"comment_status":"closed","ping_status":"closed","template":"","meta":{"footnotes":""},"_links":{"self":[{"href":"https:\/\/kolon-guclendirme.com\/gumushane\/wp-json\/wp\/v2\/pages\/1793"}],"collection":[{"href":"https:\/\/kolon-guclendirme.com\/gumushane\/wp-json\/wp\/v2\/pages"}],"about":[{"href":"https:\/\/kolon-guclendirme.com\/gumushane\/wp-json\/wp\/v2\/types\/page"}],"author":[{"embeddable":true,"href":"https:\/\/kolon-guclendirme.com\/gumushane\/wp-json\/wp\/v2\/users\/1"}],"replies":[{"embeddable":true,"href":"https:\/\/kolon-guclendirme.com\/gumushane\/wp-json\/wp\/v2\/comments?post=1793"}],"version-history":[{"count":0,"href":"https:\/\/kolon-guclendirme.com\/gumushane\/wp-json\/wp\/v2\/pages\/1793\/revisions"}],"wp:attachment":[{"href":"https:\/\/kolon-guclendirme.com\/gumushane\/wp-json\/wp\/v2\/media?parent=1793"}],"curies":[{"name":"wp","href":"https:\/\/api.w.org\/{rel}","templated":true}]}}