{"id":1793,"date":"2023-10-06T19:38:50","date_gmt":"2023-10-06T16:38:50","guid":{"rendered":"https:\/\/kolon-guclendirme.com\/gebze\/gebze-karbon-guclendirme-resimleri\/"},"modified":"2023-10-06T19:38:50","modified_gmt":"2023-10-06T16:38:50","slug":"gebze-karbon-guclendirme-resimleri","status":"publish","type":"page","link":"https:\/\/kolon-guclendirme.com\/gebze\/gebze-karbon-guclendirme-resimleri\/","title":{"rendered":"Gebze Karbon G\u00fc\u00e7lendirme Resimleri"},"content":{"rendered":"\n    \n    <figure class=\"wp-block-gallery has-nested-images columns-default is-cropped wp-block-gallery-1 is-layout-flex wp-block-gallery-is-layout-flex\">\n    \n        \n        <figure class=\"wp-block-image size-large\">\n        <a href=\"https:\/\/kolon-guclendirme.com\/gebze\/wp-content\/uploads\/sites\/54\/2023\/09\/Gebze-Bina-bakimi-86565.webp\">\n        <img loading=\"lazy\" decoding=\"async\" width=\"853\" height=\"1200\" data-id=\"1464\" src=\"https:\/\/kolon-guclendirme.com\/gebze\/wp-content\/uploads\/sites\/54\/2023\/09\/Gebze-Bina-bakimi-86565.webp\" alt=\"Gebze karbon fiber g\u00fc\u00e7lendirme projeleri\" class=\"wp-image-1464\" srcset=\"https:\/\/kolon-guclendirme.com\/gebze\/wp-content\/uploads\/sites\/54\/2023\/09\/Gebze-Bina-bakimi-86565.webp 853w, https:\/\/kolon-guclendirme.com\/gebze\/wp-content\/uploads\/sites\/54\/2023\/09\/Gebze-Bina-bakimi-86565-768x1080.webp 768w\" sizes=\"(max-width: 853px) 100vw, 853px\" \/><\/a>\n        <\/figure>\n        \n        \n        \n        <figure class=\"wp-block-image size-large\">\n        <a href=\"https:\/\/kolon-guclendirme.com\/gebze\/wp-content\/uploads\/sites\/54\/2023\/09\/Gebze-Karbon-kece-kiris-guclendirme-firmasi-31775.webp\">\n        <img loading=\"lazy\" decoding=\"async\" width=\"853\" height=\"1200\" data-id=\"1596\" src=\"https:\/\/kolon-guclendirme.com\/gebze\/wp-content\/uploads\/sites\/54\/2023\/09\/Gebze-Karbon-kece-kiris-guclendirme-firmasi-31775.webp\" alt=\"Gebze Yap\u0131sal deprem performans\u0131 analizi\" class=\"wp-image-1596\" srcset=\"https:\/\/kolon-guclendirme.com\/gebze\/wp-content\/uploads\/sites\/54\/2023\/09\/Gebze-Karbon-kece-kiris-guclendirme-firmasi-31775.webp 853w, https:\/\/kolon-guclendirme.com\/gebze\/wp-content\/uploads\/sites\/54\/2023\/09\/Gebze-Karbon-kece-kiris-guclendirme-firmasi-31775-768x1080.webp 768w\" sizes=\"(max-width: 853px) 100vw, 853px\" \/><\/a>\n        <\/figure>\n        \n        \n        \n        <figure class=\"wp-block-image size-large\">\n        <a href=\"https:\/\/kolon-guclendirme.com\/gebze\/wp-content\/uploads\/sites\/54\/2023\/09\/Gebze-Zemin-karbon-elyaf-guclendirme-fiyatlari-70291.webp\">\n        <img loading=\"lazy\" decoding=\"async\" width=\"853\" height=\"1200\" data-id=\"1676\" src=\"https:\/\/kolon-guclendirme.com\/gebze\/wp-content\/uploads\/sites\/54\/2023\/09\/Gebze-Zemin-karbon-elyaf-guclendirme-fiyatlari-70291.webp\" alt=\"Gebze Bina frp ke\u00e7e g\u00fc\u00e7lendirme ustas\u0131\" class=\"wp-image-1676\" srcset=\"https:\/\/kolon-guclendirme.com\/gebze\/wp-content\/uploads\/sites\/54\/2023\/09\/Gebze-Zemin-karbon-elyaf-guclendirme-fiyatlari-70291.webp 853w, https:\/\/kolon-guclendirme.com\/gebze\/wp-content\/uploads\/sites\/54\/2023\/09\/Gebze-Zemin-karbon-elyaf-guclendirme-fiyatlari-70291-768x1080.webp 768w\" sizes=\"(max-width: 853px) 100vw, 853px\" \/><\/a>\n        <\/figure>\n        \n        \n        \n        <figure class=\"wp-block-image size-large\">\n        <a href=\"https:\/\/kolon-guclendirme.com\/gebze\/wp-content\/uploads\/sites\/54\/2023\/09\/Gebze-Duvar-frp-fiber-kaplama-fiyati-96488.webp\">\n        <img loading=\"lazy\" decoding=\"async\" width=\"853\" height=\"1200\" data-id=\"1516\" src=\"https:\/\/kolon-guclendirme.com\/gebze\/wp-content\/uploads\/sites\/54\/2023\/09\/Gebze-Duvar-frp-fiber-kaplama-fiyati-96488.webp\" alt=\"Gebze CFRP Kiri\u015f G\u00fc\u00e7lendirme \u0130htiyac\u0131\" class=\"wp-image-1516\" srcset=\"https:\/\/kolon-guclendirme.com\/gebze\/wp-content\/uploads\/sites\/54\/2023\/09\/Gebze-Duvar-frp-fiber-kaplama-fiyati-96488.webp 853w, https:\/\/kolon-guclendirme.com\/gebze\/wp-content\/uploads\/sites\/54\/2023\/09\/Gebze-Duvar-frp-fiber-kaplama-fiyati-96488-768x1080.webp 768w\" sizes=\"(max-width: 853px) 100vw, 853px\" \/><\/a>\n        <\/figure>\n        \n        \n        \n        <figure class=\"wp-block-image size-large\">\n        <a href=\"https:\/\/kolon-guclendirme.com\/gebze\/wp-content\/uploads\/sites\/54\/2023\/09\/Gebze-Carbon-kece-duvar-kaplama-fiyati-51549.webp\">\n        <img loading=\"lazy\" decoding=\"async\" width=\"853\" height=\"1200\" data-id=\"1496\" src=\"https:\/\/kolon-guclendirme.com\/gebze\/wp-content\/uploads\/sites\/54\/2023\/09\/Gebze-Carbon-kece-duvar-kaplama-fiyati-51549.webp\" alt=\"Gebze Bina frp g\u00fc\u00e7lendirme firmalar\u0131\" class=\"wp-image-1496\" srcset=\"https:\/\/kolon-guclendirme.com\/gebze\/wp-content\/uploads\/sites\/54\/2023\/09\/Gebze-Carbon-kece-duvar-kaplama-fiyati-51549.webp 853w, https:\/\/kolon-guclendirme.com\/gebze\/wp-content\/uploads\/sites\/54\/2023\/09\/Gebze-Carbon-kece-duvar-kaplama-fiyati-51549-768x1080.webp 768w\" sizes=\"(max-width: 853px) 100vw, 853px\" \/><\/a>\n        <\/figure>\n        \n        \n        \n        <figure class=\"wp-block-image size-large\">\n        <a href=\"https:\/\/kolon-guclendirme.com\/gebze\/wp-content\/uploads\/sites\/54\/2023\/09\/Gebze-Karbon-elyaf-epoksi-kaplama-maliyeti-80050.webp\">\n        <img loading=\"lazy\" decoding=\"async\" width=\"853\" height=\"1200\" data-id=\"1557\" src=\"https:\/\/kolon-guclendirme.com\/gebze\/wp-content\/uploads\/sites\/54\/2023\/09\/Gebze-Karbon-elyaf-epoksi-kaplama-maliyeti-80050.webp\" alt=\"Gebze Carbon elyaf duvar kaplama yapanlar\" class=\"wp-image-1557\" srcset=\"https:\/\/kolon-guclendirme.com\/gebze\/wp-content\/uploads\/sites\/54\/2023\/09\/Gebze-Karbon-elyaf-epoksi-kaplama-maliyeti-80050.webp 853w, https:\/\/kolon-guclendirme.com\/gebze\/wp-content\/uploads\/sites\/54\/2023\/09\/Gebze-Karbon-elyaf-epoksi-kaplama-maliyeti-80050-768x1080.webp 768w\" sizes=\"(max-width: 853px) 100vw, 853px\" \/><\/a>\n        <\/figure>\n        \n        \n        \n        <figure class=\"wp-block-image size-large\">\n        <a href=\"https:\/\/kolon-guclendirme.com\/gebze\/wp-content\/uploads\/sites\/54\/2023\/09\/Gebze-Bina-bakimi-86565.webp\">\n        <img loading=\"lazy\" decoding=\"async\" width=\"853\" height=\"1200\" data-id=\"1464\" src=\"https:\/\/kolon-guclendirme.com\/gebze\/wp-content\/uploads\/sites\/54\/2023\/09\/Gebze-Bina-bakimi-86565.webp\" alt=\"Gebze Bina karbon elyaf g\u00fc\u00e7lendirme ustas\u0131\" class=\"wp-image-1464\" srcset=\"https:\/\/kolon-guclendirme.com\/gebze\/wp-content\/uploads\/sites\/54\/2023\/09\/Gebze-Bina-bakimi-86565.webp 853w, https:\/\/kolon-guclendirme.com\/gebze\/wp-content\/uploads\/sites\/54\/2023\/09\/Gebze-Bina-bakimi-86565-768x1080.webp 768w\" sizes=\"(max-width: 853px) 100vw, 853px\" \/><\/a>\n        <\/figure>\n        \n        \n        \n        <figure class=\"wp-block-image size-large\">\n        <a href=\"https:\/\/kolon-guclendirme.com\/gebze\/wp-content\/uploads\/sites\/54\/2023\/09\/Gebze-Karbon-lif-teras-guclendirme-fiyati-16717.webp\">\n        <img loading=\"lazy\" decoding=\"async\" width=\"853\" height=\"1200\" data-id=\"1605\" src=\"https:\/\/kolon-guclendirme.com\/gebze\/wp-content\/uploads\/sites\/54\/2023\/09\/Gebze-Karbon-lif-teras-guclendirme-fiyati-16717.webp\" alt=\"Gebze Yap\u0131 karbon lif g\u00fc\u00e7lendirme firmas\u0131\" class=\"wp-image-1605\" srcset=\"https:\/\/kolon-guclendirme.com\/gebze\/wp-content\/uploads\/sites\/54\/2023\/09\/Gebze-Karbon-lif-teras-guclendirme-fiyati-16717.webp 853w, https:\/\/kolon-guclendirme.com\/gebze\/wp-content\/uploads\/sites\/54\/2023\/09\/Gebze-Karbon-lif-teras-guclendirme-fiyati-16717-768x1080.webp 768w\" sizes=\"(max-width: 853px) 100vw, 853px\" \/><\/a>\n        <\/figure>\n        \n        \n        \n        <figure class=\"wp-block-image size-large\">\n        <a href=\"https:\/\/kolon-guclendirme.com\/gebze\/wp-content\/uploads\/sites\/54\/2023\/09\/Gebze-karbon-fiber-guclendirme-saglikli-mi-10104.webp\">\n        <img loading=\"lazy\" decoding=\"async\" width=\"853\" height=\"1200\" data-id=\"1579\" src=\"https:\/\/kolon-guclendirme.com\/gebze\/wp-content\/uploads\/sites\/54\/2023\/09\/Gebze-karbon-fiber-guclendirme-saglikli-mi-10104.webp\" alt=\"Gebze Kiri\u015f g\u00fc\u00e7lendirme\" class=\"wp-image-1579\" srcset=\"https:\/\/kolon-guclendirme.com\/gebze\/wp-content\/uploads\/sites\/54\/2023\/09\/Gebze-karbon-fiber-guclendirme-saglikli-mi-10104.webp 853w, https:\/\/kolon-guclendirme.com\/gebze\/wp-content\/uploads\/sites\/54\/2023\/09\/Gebze-karbon-fiber-guclendirme-saglikli-mi-10104-768x1080.webp 768w\" sizes=\"(max-width: 853px) 100vw, 853px\" \/><\/a>\n        <\/figure>\n        \n        <\/figure>\n","protected":false},"excerpt":{"rendered":"","protected":false},"author":1,"featured_media":0,"parent":0,"menu_order":0,"comment_status":"closed","ping_status":"closed","template":"","meta":{"footnotes":""},"_links":{"self":[{"href":"https:\/\/kolon-guclendirme.com\/gebze\/wp-json\/wp\/v2\/pages\/1793"}],"collection":[{"href":"https:\/\/kolon-guclendirme.com\/gebze\/wp-json\/wp\/v2\/pages"}],"about":[{"href":"https:\/\/kolon-guclendirme.com\/gebze\/wp-json\/wp\/v2\/types\/page"}],"author":[{"embeddable":true,"href":"https:\/\/kolon-guclendirme.com\/gebze\/wp-json\/wp\/v2\/users\/1"}],"replies":[{"embeddable":true,"href":"https:\/\/kolon-guclendirme.com\/gebze\/wp-json\/wp\/v2\/comments?post=1793"}],"version-history":[{"count":0,"href":"https:\/\/kolon-guclendirme.com\/gebze\/wp-json\/wp\/v2\/pages\/1793\/revisions"}],"wp:attachment":[{"href":"https:\/\/kolon-guclendirme.com\/gebze\/wp-json\/wp\/v2\/media?parent=1793"}],"curies":[{"name":"wp","href":"https:\/\/api.w.org\/{rel}","templated":true}]}}