{"id":1794,"date":"2023-10-06T19:38:38","date_gmt":"2023-10-06T16:38:38","guid":{"rendered":"https:\/\/kolon-guclendirme.com\/fethiye\/fethiye-karbon-guclendirme-resimleri\/"},"modified":"2023-10-06T19:38:38","modified_gmt":"2023-10-06T16:38:38","slug":"fethiye-karbon-guclendirme-resimleri","status":"publish","type":"page","link":"https:\/\/kolon-guclendirme.com\/fethiye\/fethiye-karbon-guclendirme-resimleri\/","title":{"rendered":"Fethiye Karbon G\u00fc\u00e7lendirme Resimleri"},"content":{"rendered":"\n    \n    <figure class=\"wp-block-gallery has-nested-images columns-default is-cropped wp-block-gallery-1 is-layout-flex wp-block-gallery-is-layout-flex\">\n    \n        \n        <figure class=\"wp-block-image size-large\">\n        <a href=\"https:\/\/kolon-guclendirme.com\/fethiye\/wp-content\/uploads\/sites\/51\/2023\/09\/Fethiye-Teras-karbon-fiber-kaplama-maliyeti-65786.webp\">\n        <img loading=\"lazy\" decoding=\"async\" width=\"853\" height=\"1200\" data-id=\"1646\" src=\"https:\/\/kolon-guclendirme.com\/fethiye\/wp-content\/uploads\/sites\/51\/2023\/09\/Fethiye-Teras-karbon-fiber-kaplama-maliyeti-65786.webp\" alt=\"Fethiye Yap\u0131 karbon lif kaplama fiyat\u0131\" class=\"wp-image-1646\" srcset=\"https:\/\/kolon-guclendirme.com\/fethiye\/wp-content\/uploads\/sites\/51\/2023\/09\/Fethiye-Teras-karbon-fiber-kaplama-maliyeti-65786.webp 853w, https:\/\/kolon-guclendirme.com\/fethiye\/wp-content\/uploads\/sites\/51\/2023\/09\/Fethiye-Teras-karbon-fiber-kaplama-maliyeti-65786-768x1080.webp 768w\" sizes=\"(max-width: 853px) 100vw, 853px\" \/><\/a>\n        <\/figure>\n        \n        \n        \n        <figure class=\"wp-block-image size-large\">\n        <a href=\"https:\/\/kolon-guclendirme.com\/fethiye\/wp-content\/uploads\/sites\/51\/2023\/09\/Fethiye-Yapi-karbon-fiber-kaplama-yapanlar-72655.webp\">\n        <img loading=\"lazy\" decoding=\"async\" width=\"853\" height=\"1200\" data-id=\"1667\" src=\"https:\/\/kolon-guclendirme.com\/fethiye\/wp-content\/uploads\/sites\/51\/2023\/09\/Fethiye-Yapi-karbon-fiber-kaplama-yapanlar-72655.webp\" alt=\"Fethiye Karbon fiber zemin g\u00fc\u00e7lendirme maliyeti\" class=\"wp-image-1667\" srcset=\"https:\/\/kolon-guclendirme.com\/fethiye\/wp-content\/uploads\/sites\/51\/2023\/09\/Fethiye-Yapi-karbon-fiber-kaplama-yapanlar-72655.webp 853w, https:\/\/kolon-guclendirme.com\/fethiye\/wp-content\/uploads\/sites\/51\/2023\/09\/Fethiye-Yapi-karbon-fiber-kaplama-yapanlar-72655-768x1080.webp 768w\" sizes=\"(max-width: 853px) 100vw, 853px\" \/><\/a>\n        <\/figure>\n        \n        \n        \n        <figure class=\"wp-block-image size-large\">\n        <a href=\"https:\/\/kolon-guclendirme.com\/fethiye\/wp-content\/uploads\/sites\/51\/2023\/09\/Fethiye-Frp-fiber-zemin-guclendirme-malzemesi-83171.webp\">\n        <img loading=\"lazy\" decoding=\"async\" width=\"853\" height=\"1200\" data-id=\"1541\" src=\"https:\/\/kolon-guclendirme.com\/fethiye\/wp-content\/uploads\/sites\/51\/2023\/09\/Fethiye-Frp-fiber-zemin-guclendirme-malzemesi-83171.webp\" alt=\"Fethiye karbon fiber g\u00fc\u00e7lendirme gebze\" class=\"wp-image-1541\" srcset=\"https:\/\/kolon-guclendirme.com\/fethiye\/wp-content\/uploads\/sites\/51\/2023\/09\/Fethiye-Frp-fiber-zemin-guclendirme-malzemesi-83171.webp 853w, https:\/\/kolon-guclendirme.com\/fethiye\/wp-content\/uploads\/sites\/51\/2023\/09\/Fethiye-Frp-fiber-zemin-guclendirme-malzemesi-83171-768x1080.webp 768w\" sizes=\"(max-width: 853px) 100vw, 853px\" \/><\/a>\n        <\/figure>\n        \n        \n        \n        <figure class=\"wp-block-image size-large\">\n        <a href=\"https:\/\/kolon-guclendirme.com\/fethiye\/wp-content\/uploads\/sites\/51\/2023\/09\/Fethiye-Tavan-karbon-kece-guclendirme-12328.webp\">\n        <img loading=\"lazy\" decoding=\"async\" width=\"853\" height=\"1200\" data-id=\"1635\" src=\"https:\/\/kolon-guclendirme.com\/fethiye\/wp-content\/uploads\/sites\/51\/2023\/09\/Fethiye-Tavan-karbon-kece-guclendirme-12328.webp\" alt=\"Fethiye Duvar karbon elyaf kaplama malzemesi\" class=\"wp-image-1635\" srcset=\"https:\/\/kolon-guclendirme.com\/fethiye\/wp-content\/uploads\/sites\/51\/2023\/09\/Fethiye-Tavan-karbon-kece-guclendirme-12328.webp 853w, https:\/\/kolon-guclendirme.com\/fethiye\/wp-content\/uploads\/sites\/51\/2023\/09\/Fethiye-Tavan-karbon-kece-guclendirme-12328-768x1080.webp 768w\" sizes=\"(max-width: 853px) 100vw, 853px\" \/><\/a>\n        <\/figure>\n        \n        \n        \n        <figure class=\"wp-block-image size-large\">\n        <a href=\"https:\/\/kolon-guclendirme.com\/fethiye\/wp-content\/uploads\/sites\/51\/2023\/09\/Fethiye-karbon-fiber-guclendirme-izmir-48081.webp\">\n        <img loading=\"lazy\" decoding=\"async\" width=\"853\" height=\"1200\" data-id=\"1577\" src=\"https:\/\/kolon-guclendirme.com\/fethiye\/wp-content\/uploads\/sites\/51\/2023\/09\/Fethiye-karbon-fiber-guclendirme-izmir-48081.webp\" alt=\"Fethiye Frp fiber yap\u0131 g\u00fc\u00e7lendirme firmalar\u0131\" class=\"wp-image-1577\" srcset=\"https:\/\/kolon-guclendirme.com\/fethiye\/wp-content\/uploads\/sites\/51\/2023\/09\/Fethiye-karbon-fiber-guclendirme-izmir-48081.webp 853w, https:\/\/kolon-guclendirme.com\/fethiye\/wp-content\/uploads\/sites\/51\/2023\/09\/Fethiye-karbon-fiber-guclendirme-izmir-48081-768x1080.webp 768w\" sizes=\"(max-width: 853px) 100vw, 853px\" \/><\/a>\n        <\/figure>\n        \n        \n        \n        <figure class=\"wp-block-image size-large\">\n        <a href=\"https:\/\/kolon-guclendirme.com\/fethiye\/wp-content\/uploads\/sites\/51\/2023\/09\/Fethiye-Frp-lif-bina-guclendirme-yapanlar-1538.webp\">\n        <img loading=\"lazy\" decoding=\"async\" width=\"853\" height=\"1200\" data-id=\"1554\" src=\"https:\/\/kolon-guclendirme.com\/fethiye\/wp-content\/uploads\/sites\/51\/2023\/09\/Fethiye-Frp-lif-bina-guclendirme-yapanlar-1538.webp\" alt=\"Fethiye Bina karbon lif g\u00fc\u00e7lendirme malzemesi\" class=\"wp-image-1554\" srcset=\"https:\/\/kolon-guclendirme.com\/fethiye\/wp-content\/uploads\/sites\/51\/2023\/09\/Fethiye-Frp-lif-bina-guclendirme-yapanlar-1538.webp 853w, https:\/\/kolon-guclendirme.com\/fethiye\/wp-content\/uploads\/sites\/51\/2023\/09\/Fethiye-Frp-lif-bina-guclendirme-yapanlar-1538-768x1080.webp 768w\" sizes=\"(max-width: 853px) 100vw, 853px\" \/><\/a>\n        <\/figure>\n        \n        \n        \n        <figure class=\"wp-block-image size-large\">\n        <a href=\"https:\/\/kolon-guclendirme.com\/fethiye\/wp-content\/uploads\/sites\/51\/2023\/09\/Fethiye-Frp-elyaf-teras-guclendirme-60944.webp\">\n        <img loading=\"lazy\" decoding=\"async\" width=\"853\" height=\"1200\" data-id=\"1533\" src=\"https:\/\/kolon-guclendirme.com\/fethiye\/wp-content\/uploads\/sites\/51\/2023\/09\/Fethiye-Frp-elyaf-teras-guclendirme-60944.webp\" alt=\"Fethiye karbon fiber g\u00fc\u00e7lendirme deney\" class=\"wp-image-1533\" srcset=\"https:\/\/kolon-guclendirme.com\/fethiye\/wp-content\/uploads\/sites\/51\/2023\/09\/Fethiye-Frp-elyaf-teras-guclendirme-60944.webp 853w, https:\/\/kolon-guclendirme.com\/fethiye\/wp-content\/uploads\/sites\/51\/2023\/09\/Fethiye-Frp-elyaf-teras-guclendirme-60944-768x1080.webp 768w\" sizes=\"(max-width: 853px) 100vw, 853px\" \/><\/a>\n        <\/figure>\n        \n        \n        \n        <figure class=\"wp-block-image size-large\">\n        <a href=\"https:\/\/kolon-guclendirme.com\/fethiye\/wp-content\/uploads\/sites\/51\/2023\/09\/Fethiye-Tavan-frp-kece-kaplama-sistemleri-72269.webp\">\n        <img loading=\"lazy\" decoding=\"async\" width=\"853\" height=\"1200\" data-id=\"1630\" src=\"https:\/\/kolon-guclendirme.com\/fethiye\/wp-content\/uploads\/sites\/51\/2023\/09\/Fethiye-Tavan-frp-kece-kaplama-sistemleri-72269.webp\" alt=\"Fethiye Yap\u0131 frp ke\u00e7e g\u00fc\u00e7lendirme ustas\u0131\" class=\"wp-image-1630\" srcset=\"https:\/\/kolon-guclendirme.com\/fethiye\/wp-content\/uploads\/sites\/51\/2023\/09\/Fethiye-Tavan-frp-kece-kaplama-sistemleri-72269.webp 853w, https:\/\/kolon-guclendirme.com\/fethiye\/wp-content\/uploads\/sites\/51\/2023\/09\/Fethiye-Tavan-frp-kece-kaplama-sistemleri-72269-768x1080.webp 768w\" sizes=\"(max-width: 853px) 100vw, 853px\" \/><\/a>\n        <\/figure>\n        \n        \n        \n        <figure class=\"wp-block-image size-large\">\n        <a href=\"https:\/\/kolon-guclendirme.com\/fethiye\/wp-content\/uploads\/sites\/51\/2023\/09\/Fethiye-Tavan-frp-kece-guclendirme-malzemesi-40919.webp\">\n        <img loading=\"lazy\" decoding=\"async\" width=\"853\" height=\"1200\" data-id=\"1629\" src=\"https:\/\/kolon-guclendirme.com\/fethiye\/wp-content\/uploads\/sites\/51\/2023\/09\/Fethiye-Tavan-frp-kece-guclendirme-malzemesi-40919.webp\" alt=\"Fethiye Frp ke\u00e7e kaplama maliyeti\" class=\"wp-image-1629\" srcset=\"https:\/\/kolon-guclendirme.com\/fethiye\/wp-content\/uploads\/sites\/51\/2023\/09\/Fethiye-Tavan-frp-kece-guclendirme-malzemesi-40919.webp 853w, https:\/\/kolon-guclendirme.com\/fethiye\/wp-content\/uploads\/sites\/51\/2023\/09\/Fethiye-Tavan-frp-kece-guclendirme-malzemesi-40919-768x1080.webp 768w\" sizes=\"(max-width: 853px) 100vw, 853px\" \/><\/a>\n        <\/figure>\n        \n        <\/figure>\n","protected":false},"excerpt":{"rendered":"","protected":false},"author":1,"featured_media":0,"parent":0,"menu_order":0,"comment_status":"closed","ping_status":"closed","template":"","meta":{"footnotes":""},"_links":{"self":[{"href":"https:\/\/kolon-guclendirme.com\/fethiye\/wp-json\/wp\/v2\/pages\/1794"}],"collection":[{"href":"https:\/\/kolon-guclendirme.com\/fethiye\/wp-json\/wp\/v2\/pages"}],"about":[{"href":"https:\/\/kolon-guclendirme.com\/fethiye\/wp-json\/wp\/v2\/types\/page"}],"author":[{"embeddable":true,"href":"https:\/\/kolon-guclendirme.com\/fethiye\/wp-json\/wp\/v2\/users\/1"}],"replies":[{"embeddable":true,"href":"https:\/\/kolon-guclendirme.com\/fethiye\/wp-json\/wp\/v2\/comments?post=1794"}],"version-history":[{"count":0,"href":"https:\/\/kolon-guclendirme.com\/fethiye\/wp-json\/wp\/v2\/pages\/1794\/revisions"}],"wp:attachment":[{"href":"https:\/\/kolon-guclendirme.com\/fethiye\/wp-json\/wp\/v2\/media?parent=1794"}],"curies":[{"name":"wp","href":"https:\/\/api.w.org\/{rel}","templated":true}]}}