{"id":1799,"date":"2023-10-06T19:38:16","date_gmt":"2023-10-06T16:38:16","guid":{"rendered":"https:\/\/kolon-guclendirme.com\/elazig\/elazig-karbon-guclendirme-resimleri\/"},"modified":"2023-10-06T19:38:16","modified_gmt":"2023-10-06T16:38:16","slug":"elazig-karbon-guclendirme-resimleri","status":"publish","type":"page","link":"https:\/\/kolon-guclendirme.com\/elazig\/elazig-karbon-guclendirme-resimleri\/","title":{"rendered":"Elaz\u0131\u011f Karbon G\u00fc\u00e7lendirme Resimleri"},"content":{"rendered":"\n    \n    <figure class=\"wp-block-gallery has-nested-images columns-default is-cropped wp-block-gallery-1 is-layout-flex wp-block-gallery-is-layout-flex\">\n    \n        \n        <figure class=\"wp-block-image size-large\">\n        <a href=\"https:\/\/kolon-guclendirme.com\/elazig\/wp-content\/uploads\/sites\/43\/2023\/09\/Elezig-Frp-yapi-guclendirme-firmalari-19559.webp\">\n        <img loading=\"lazy\" decoding=\"async\" width=\"853\" height=\"1200\" data-id=\"1550\" src=\"https:\/\/kolon-guclendirme.com\/elazig\/wp-content\/uploads\/sites\/43\/2023\/09\/Elezig-Frp-yapi-guclendirme-firmalari-19559.webp\" alt=\"Elaz\u0131\u011f karbon fiber g\u00fc\u00e7lendirme hangi binalarda kullan\u0131l\u0131r\" class=\"wp-image-1550\" srcset=\"https:\/\/kolon-guclendirme.com\/elazig\/wp-content\/uploads\/sites\/43\/2023\/09\/Elezig-Frp-yapi-guclendirme-firmalari-19559.webp 853w, https:\/\/kolon-guclendirme.com\/elazig\/wp-content\/uploads\/sites\/43\/2023\/09\/Elezig-Frp-yapi-guclendirme-firmalari-19559-768x1080.webp 768w\" sizes=\"(max-width: 853px) 100vw, 853px\" \/><\/a>\n        <\/figure>\n        \n        \n        \n        <figure class=\"wp-block-image size-large\">\n        <a href=\"https:\/\/kolon-guclendirme.com\/elazig\/wp-content\/uploads\/sites\/43\/2023\/09\/Elezig-Yapi-karbon-fiber-guclendirme-91491.webp\">\n        <img loading=\"lazy\" decoding=\"async\" width=\"853\" height=\"1200\" data-id=\"1660\" src=\"https:\/\/kolon-guclendirme.com\/elazig\/wp-content\/uploads\/sites\/43\/2023\/09\/Elezig-Yapi-karbon-fiber-guclendirme-91491.webp\" alt=\"Elaz\u0131\u011f Bina g\u00fc\u00e7lendirme uygulamas\u0131\" class=\"wp-image-1660\" srcset=\"https:\/\/kolon-guclendirme.com\/elazig\/wp-content\/uploads\/sites\/43\/2023\/09\/Elezig-Yapi-karbon-fiber-guclendirme-91491.webp 853w, https:\/\/kolon-guclendirme.com\/elazig\/wp-content\/uploads\/sites\/43\/2023\/09\/Elezig-Yapi-karbon-fiber-guclendirme-91491-768x1080.webp 768w\" sizes=\"(max-width: 853px) 100vw, 853px\" \/><\/a>\n        <\/figure>\n        \n        \n        \n        <figure class=\"wp-block-image size-large\">\n        <a href=\"https:\/\/kolon-guclendirme.com\/elazig\/wp-content\/uploads\/sites\/43\/2023\/09\/Elezig-Kiris-frp-kece-kaplama-ustasi-83324.webp\">\n        <img loading=\"lazy\" decoding=\"async\" width=\"853\" height=\"1200\" data-id=\"1597\" src=\"https:\/\/kolon-guclendirme.com\/elazig\/wp-content\/uploads\/sites\/43\/2023\/09\/Elezig-Kiris-frp-kece-kaplama-ustasi-83324.webp\" alt=\"Elaz\u0131\u011f Kiri\u015f frp ke\u00e7e kaplama malzemesi\" class=\"wp-image-1597\" srcset=\"https:\/\/kolon-guclendirme.com\/elazig\/wp-content\/uploads\/sites\/43\/2023\/09\/Elezig-Kiris-frp-kece-kaplama-ustasi-83324.webp 853w, https:\/\/kolon-guclendirme.com\/elazig\/wp-content\/uploads\/sites\/43\/2023\/09\/Elezig-Kiris-frp-kece-kaplama-ustasi-83324-768x1080.webp 768w\" sizes=\"(max-width: 853px) 100vw, 853px\" \/><\/a>\n        <\/figure>\n        \n        \n        \n        <figure class=\"wp-block-image size-large\">\n        <a href=\"https:\/\/kolon-guclendirme.com\/elazig\/wp-content\/uploads\/sites\/43\/2023\/09\/Elezig-Kolon-karbon-kumas-kaplama-88614.webp\">\n        <img loading=\"lazy\" decoding=\"async\" width=\"853\" height=\"1200\" data-id=\"1620\" src=\"https:\/\/kolon-guclendirme.com\/elazig\/wp-content\/uploads\/sites\/43\/2023\/09\/Elezig-Kolon-karbon-kumas-kaplama-88614.webp\" alt=\"Elaz\u0131\u011f 2 katl\u0131 bina g\u00fc\u00e7lendirme ustas\u0131\" class=\"wp-image-1620\" srcset=\"https:\/\/kolon-guclendirme.com\/elazig\/wp-content\/uploads\/sites\/43\/2023\/09\/Elezig-Kolon-karbon-kumas-kaplama-88614.webp 853w, https:\/\/kolon-guclendirme.com\/elazig\/wp-content\/uploads\/sites\/43\/2023\/09\/Elezig-Kolon-karbon-kumas-kaplama-88614-768x1080.webp 768w\" sizes=\"(max-width: 853px) 100vw, 853px\" \/><\/a>\n        <\/figure>\n        \n        \n        \n        <figure class=\"wp-block-image size-large\">\n        <a href=\"https:\/\/kolon-guclendirme.com\/elazig\/wp-content\/uploads\/sites\/43\/2023\/09\/Elezig-Carbon-elyaf-kiris-kaplama-sistemleri-99392.webp\">\n        <img loading=\"lazy\" decoding=\"async\" width=\"853\" height=\"1200\" data-id=\"1481\" src=\"https:\/\/kolon-guclendirme.com\/elazig\/wp-content\/uploads\/sites\/43\/2023\/09\/Elezig-Carbon-elyaf-kiris-kaplama-sistemleri-99392.webp\" alt=\"Elaz\u0131\u011f karbon fiber g\u00fc\u00e7lendirme hatay\" class=\"wp-image-1481\" srcset=\"https:\/\/kolon-guclendirme.com\/elazig\/wp-content\/uploads\/sites\/43\/2023\/09\/Elezig-Carbon-elyaf-kiris-kaplama-sistemleri-99392.webp 853w, https:\/\/kolon-guclendirme.com\/elazig\/wp-content\/uploads\/sites\/43\/2023\/09\/Elezig-Carbon-elyaf-kiris-kaplama-sistemleri-99392-768x1080.webp 768w\" sizes=\"(max-width: 853px) 100vw, 853px\" \/><\/a>\n        <\/figure>\n        \n        \n        \n        <figure class=\"wp-block-image size-large\">\n        <a href=\"https:\/\/kolon-guclendirme.com\/elazig\/wp-content\/uploads\/sites\/43\/2023\/09\/Elezig-Bina-guclendirme-maliyeti-2022-10247.webp\">\n        <img loading=\"lazy\" decoding=\"async\" width=\"853\" height=\"1200\" data-id=\"1471\" src=\"https:\/\/kolon-guclendirme.com\/elazig\/wp-content\/uploads\/sites\/43\/2023\/09\/Elezig-Bina-guclendirme-maliyeti-2022-10247.webp\" alt=\"Elaz\u0131\u011f Carbon ke\u00e7e zemin g\u00fc\u00e7lendirme fiyat\u0131\" class=\"wp-image-1471\" srcset=\"https:\/\/kolon-guclendirme.com\/elazig\/wp-content\/uploads\/sites\/43\/2023\/09\/Elezig-Bina-guclendirme-maliyeti-2022-10247.webp 853w, https:\/\/kolon-guclendirme.com\/elazig\/wp-content\/uploads\/sites\/43\/2023\/09\/Elezig-Bina-guclendirme-maliyeti-2022-10247-768x1080.webp 768w\" sizes=\"(max-width: 853px) 100vw, 853px\" \/><\/a>\n        <\/figure>\n        \n        \n        \n        <figure class=\"wp-block-image size-large\">\n        <a href=\"https:\/\/kolon-guclendirme.com\/elazig\/wp-content\/uploads\/sites\/43\/2023\/09\/Elezig-Carbon-kece-bina-guclendirme-ustasi-56926.webp\">\n        <img loading=\"lazy\" decoding=\"async\" width=\"853\" height=\"1200\" data-id=\"1487\" src=\"https:\/\/kolon-guclendirme.com\/elazig\/wp-content\/uploads\/sites\/43\/2023\/09\/Elezig-Carbon-kece-bina-guclendirme-ustasi-56926.webp\" alt=\"Elaz\u0131\u011f Frp kuma\u015f kiri\u015f g\u00fc\u00e7lendirme\" class=\"wp-image-1487\" srcset=\"https:\/\/kolon-guclendirme.com\/elazig\/wp-content\/uploads\/sites\/43\/2023\/09\/Elezig-Carbon-kece-bina-guclendirme-ustasi-56926.webp 853w, https:\/\/kolon-guclendirme.com\/elazig\/wp-content\/uploads\/sites\/43\/2023\/09\/Elezig-Carbon-kece-bina-guclendirme-ustasi-56926-768x1080.webp 768w\" sizes=\"(max-width: 853px) 100vw, 853px\" \/><\/a>\n        <\/figure>\n        \n        \n        \n        <figure class=\"wp-block-image size-large\">\n        <a href=\"https:\/\/kolon-guclendirme.com\/elazig\/wp-content\/uploads\/sites\/43\/2023\/09\/Elezig-Frp-yapi-guclendirme-firmalari-19559.webp\">\n        <img loading=\"lazy\" decoding=\"async\" width=\"853\" height=\"1200\" data-id=\"1550\" src=\"https:\/\/kolon-guclendirme.com\/elazig\/wp-content\/uploads\/sites\/43\/2023\/09\/Elezig-Frp-yapi-guclendirme-firmalari-19559.webp\" alt=\"Elaz\u0131\u011f Yap\u0131 carbon fiber g\u00fc\u00e7lendirme\" class=\"wp-image-1550\" srcset=\"https:\/\/kolon-guclendirme.com\/elazig\/wp-content\/uploads\/sites\/43\/2023\/09\/Elezig-Frp-yapi-guclendirme-firmalari-19559.webp 853w, https:\/\/kolon-guclendirme.com\/elazig\/wp-content\/uploads\/sites\/43\/2023\/09\/Elezig-Frp-yapi-guclendirme-firmalari-19559-768x1080.webp 768w\" sizes=\"(max-width: 853px) 100vw, 853px\" \/><\/a>\n        <\/figure>\n        \n        \n        \n        <figure class=\"wp-block-image size-large\">\n        <a href=\"https:\/\/kolon-guclendirme.com\/elazig\/wp-content\/uploads\/sites\/43\/2023\/09\/Elezig-Teras-karbon-kece-kaplama-72957.webp\">\n        <img loading=\"lazy\" decoding=\"async\" width=\"853\" height=\"1200\" data-id=\"1644\" src=\"https:\/\/kolon-guclendirme.com\/elazig\/wp-content\/uploads\/sites\/43\/2023\/09\/Elezig-Teras-karbon-kece-kaplama-72957.webp\" alt=\"Elaz\u0131\u011f Frp lif yap\u0131 g\u00fc\u00e7lendirme yapanlar\" class=\"wp-image-1644\" srcset=\"https:\/\/kolon-guclendirme.com\/elazig\/wp-content\/uploads\/sites\/43\/2023\/09\/Elezig-Teras-karbon-kece-kaplama-72957.webp 853w, https:\/\/kolon-guclendirme.com\/elazig\/wp-content\/uploads\/sites\/43\/2023\/09\/Elezig-Teras-karbon-kece-kaplama-72957-768x1080.webp 768w\" sizes=\"(max-width: 853px) 100vw, 853px\" \/><\/a>\n        <\/figure>\n        \n        <\/figure>\n","protected":false},"excerpt":{"rendered":"","protected":false},"author":1,"featured_media":0,"parent":0,"menu_order":0,"comment_status":"closed","ping_status":"closed","template":"","meta":{"footnotes":""},"_links":{"self":[{"href":"https:\/\/kolon-guclendirme.com\/elazig\/wp-json\/wp\/v2\/pages\/1799"}],"collection":[{"href":"https:\/\/kolon-guclendirme.com\/elazig\/wp-json\/wp\/v2\/pages"}],"about":[{"href":"https:\/\/kolon-guclendirme.com\/elazig\/wp-json\/wp\/v2\/types\/page"}],"author":[{"embeddable":true,"href":"https:\/\/kolon-guclendirme.com\/elazig\/wp-json\/wp\/v2\/users\/1"}],"replies":[{"embeddable":true,"href":"https:\/\/kolon-guclendirme.com\/elazig\/wp-json\/wp\/v2\/comments?post=1799"}],"version-history":[{"count":0,"href":"https:\/\/kolon-guclendirme.com\/elazig\/wp-json\/wp\/v2\/pages\/1799\/revisions"}],"wp:attachment":[{"href":"https:\/\/kolon-guclendirme.com\/elazig\/wp-json\/wp\/v2\/media?parent=1799"}],"curies":[{"name":"wp","href":"https:\/\/api.w.org\/{rel}","templated":true}]}}