{"id":1795,"date":"2023-10-06T19:37:59","date_gmt":"2023-10-06T16:37:59","guid":{"rendered":"https:\/\/kolon-guclendirme.com\/buyukcekmece\/buyukcekmece-karbon-guclendirme-resimleri\/"},"modified":"2023-10-06T19:37:59","modified_gmt":"2023-10-06T16:37:59","slug":"buyukcekmece-karbon-guclendirme-resimleri","status":"publish","type":"page","link":"https:\/\/kolon-guclendirme.com\/buyukcekmece\/buyukcekmece-karbon-guclendirme-resimleri\/","title":{"rendered":"B\u00fcy\u00fck\u00e7ekmece Karbon G\u00fc\u00e7lendirme Resimleri"},"content":{"rendered":"\n    \n    <figure class=\"wp-block-gallery has-nested-images columns-default is-cropped wp-block-gallery-1 is-layout-flex wp-block-gallery-is-layout-flex\">\n    \n        \n        <figure class=\"wp-block-image size-large\">\n        <a href=\"https:\/\/kolon-guclendirme.com\/buyukcekmece\/wp-content\/uploads\/sites\/35\/2023\/09\/Buyukcekmece-CFRP-Kiris-Guclendirme-Yuklemesi-13676.webp\">\n        <img loading=\"lazy\" decoding=\"async\" width=\"853\" height=\"1200\" data-id=\"1510\" src=\"https:\/\/kolon-guclendirme.com\/buyukcekmece\/wp-content\/uploads\/sites\/35\/2023\/09\/Buyukcekmece-CFRP-Kiris-Guclendirme-Yuklemesi-13676.webp\" alt=\"B\u00fcy\u00fck\u00e7ekmece Zemin frp kaplama firmas\u0131\" class=\"wp-image-1510\" srcset=\"https:\/\/kolon-guclendirme.com\/buyukcekmece\/wp-content\/uploads\/sites\/35\/2023\/09\/Buyukcekmece-CFRP-Kiris-Guclendirme-Yuklemesi-13676.webp 853w, https:\/\/kolon-guclendirme.com\/buyukcekmece\/wp-content\/uploads\/sites\/35\/2023\/09\/Buyukcekmece-CFRP-Kiris-Guclendirme-Yuklemesi-13676-768x1080.webp 768w\" sizes=\"(max-width: 853px) 100vw, 853px\" \/><\/a>\n        <\/figure>\n        \n        \n        \n        <figure class=\"wp-block-image size-large\">\n        <a href=\"https:\/\/kolon-guclendirme.com\/buyukcekmece\/wp-content\/uploads\/sites\/35\/2023\/09\/Buyukcekmece-Celik-cerceve-takviyesi-1666.webp\">\n        <img loading=\"lazy\" decoding=\"async\" width=\"853\" height=\"1200\" data-id=\"1506\" src=\"https:\/\/kolon-guclendirme.com\/buyukcekmece\/wp-content\/uploads\/sites\/35\/2023\/09\/Buyukcekmece-Celik-cerceve-takviyesi-1666.webp\" alt=\"B\u00fcy\u00fck\u00e7ekmece karbon fiber g\u00fc\u00e7lendirme deneyi\" class=\"wp-image-1506\" srcset=\"https:\/\/kolon-guclendirme.com\/buyukcekmece\/wp-content\/uploads\/sites\/35\/2023\/09\/Buyukcekmece-Celik-cerceve-takviyesi-1666.webp 853w, https:\/\/kolon-guclendirme.com\/buyukcekmece\/wp-content\/uploads\/sites\/35\/2023\/09\/Buyukcekmece-Celik-cerceve-takviyesi-1666-768x1080.webp 768w\" sizes=\"(max-width: 853px) 100vw, 853px\" \/><\/a>\n        <\/figure>\n        \n        \n        \n        <figure class=\"wp-block-image size-large\">\n        <a href=\"https:\/\/kolon-guclendirme.com\/buyukcekmece\/wp-content\/uploads\/sites\/35\/2023\/09\/Buyukcekmece-Carbon-elyaf-zemin-guclendirme-ustasi-92782.webp\">\n        <img loading=\"lazy\" decoding=\"async\" width=\"853\" height=\"1200\" data-id=\"1492\" src=\"https:\/\/kolon-guclendirme.com\/buyukcekmece\/wp-content\/uploads\/sites\/35\/2023\/09\/Buyukcekmece-Carbon-elyaf-zemin-guclendirme-ustasi-92782.webp\" alt=\"B\u00fcy\u00fck\u00e7ekmece Kiri\u015f frp kaplama sistemleri\" class=\"wp-image-1492\" srcset=\"https:\/\/kolon-guclendirme.com\/buyukcekmece\/wp-content\/uploads\/sites\/35\/2023\/09\/Buyukcekmece-Carbon-elyaf-zemin-guclendirme-ustasi-92782.webp 853w, https:\/\/kolon-guclendirme.com\/buyukcekmece\/wp-content\/uploads\/sites\/35\/2023\/09\/Buyukcekmece-Carbon-elyaf-zemin-guclendirme-ustasi-92782-768x1080.webp 768w\" sizes=\"(max-width: 853px) 100vw, 853px\" \/><\/a>\n        <\/figure>\n        \n        \n        \n        <figure class=\"wp-block-image size-large\">\n        <a href=\"https:\/\/kolon-guclendirme.com\/buyukcekmece\/wp-content\/uploads\/sites\/35\/2023\/09\/Buyukcekmece-Guclendirme-kredisi-nasil-alinir-39806.webp\">\n        <img loading=\"lazy\" decoding=\"async\" width=\"853\" height=\"1200\" data-id=\"1552\" src=\"https:\/\/kolon-guclendirme.com\/buyukcekmece\/wp-content\/uploads\/sites\/35\/2023\/09\/Buyukcekmece-Guclendirme-kredisi-nasil-alinir-39806.webp\" alt=\"B\u00fcy\u00fck\u00e7ekmece Bina frp fiber g\u00fc\u00e7lendirme sistemleri\" class=\"wp-image-1552\" srcset=\"https:\/\/kolon-guclendirme.com\/buyukcekmece\/wp-content\/uploads\/sites\/35\/2023\/09\/Buyukcekmece-Guclendirme-kredisi-nasil-alinir-39806.webp 853w, https:\/\/kolon-guclendirme.com\/buyukcekmece\/wp-content\/uploads\/sites\/35\/2023\/09\/Buyukcekmece-Guclendirme-kredisi-nasil-alinir-39806-768x1080.webp 768w\" sizes=\"(max-width: 853px) 100vw, 853px\" \/><\/a>\n        <\/figure>\n        \n        \n        \n        <figure class=\"wp-block-image size-large\">\n        <a href=\"https:\/\/kolon-guclendirme.com\/buyukcekmece\/wp-content\/uploads\/sites\/35\/2023\/09\/Buyukcekmece-karbon-fiber-bina-guclendirme-yontemleri-62633.webp\">\n        <img loading=\"lazy\" decoding=\"async\" width=\"853\" height=\"1200\" data-id=\"1572\" src=\"https:\/\/kolon-guclendirme.com\/buyukcekmece\/wp-content\/uploads\/sites\/35\/2023\/09\/Buyukcekmece-karbon-fiber-bina-guclendirme-yontemleri-62633.webp\" alt=\"B\u00fcy\u00fck\u00e7ekmece Zemin karbon fiber kaplama\" class=\"wp-image-1572\" srcset=\"https:\/\/kolon-guclendirme.com\/buyukcekmece\/wp-content\/uploads\/sites\/35\/2023\/09\/Buyukcekmece-karbon-fiber-bina-guclendirme-yontemleri-62633.webp 853w, https:\/\/kolon-guclendirme.com\/buyukcekmece\/wp-content\/uploads\/sites\/35\/2023\/09\/Buyukcekmece-karbon-fiber-bina-guclendirme-yontemleri-62633-768x1080.webp 768w\" sizes=\"(max-width: 853px) 100vw, 853px\" \/><\/a>\n        <\/figure>\n        \n        \n        \n        <figure class=\"wp-block-image size-large\">\n        <a href=\"https:\/\/kolon-guclendirme.com\/buyukcekmece\/wp-content\/uploads\/sites\/35\/2023\/09\/Buyukcekmece-Yapi-karbon-fiber-guclendirme-malzemesi-62102.webp\">\n        <img loading=\"lazy\" decoding=\"async\" width=\"853\" height=\"1200\" data-id=\"1656\" src=\"https:\/\/kolon-guclendirme.com\/buyukcekmece\/wp-content\/uploads\/sites\/35\/2023\/09\/Buyukcekmece-Yapi-karbon-fiber-guclendirme-malzemesi-62102.webp\" alt=\"B\u00fcy\u00fck\u00e7ekmece CFRP Kiri\u015f G\u00fc\u00e7lendirme Planlama\" class=\"wp-image-1656\" srcset=\"https:\/\/kolon-guclendirme.com\/buyukcekmece\/wp-content\/uploads\/sites\/35\/2023\/09\/Buyukcekmece-Yapi-karbon-fiber-guclendirme-malzemesi-62102.webp 853w, https:\/\/kolon-guclendirme.com\/buyukcekmece\/wp-content\/uploads\/sites\/35\/2023\/09\/Buyukcekmece-Yapi-karbon-fiber-guclendirme-malzemesi-62102-768x1080.webp 768w\" sizes=\"(max-width: 853px) 100vw, 853px\" \/><\/a>\n        <\/figure>\n        \n        \n        \n        <figure class=\"wp-block-image size-large\">\n        <a href=\"https:\/\/kolon-guclendirme.com\/buyukcekmece\/wp-content\/uploads\/sites\/35\/2023\/09\/Buyukcekmece-Karbon-Plaka-Bakimi-6103.webp\">\n        <img loading=\"lazy\" decoding=\"async\" width=\"853\" height=\"1200\" data-id=\"1604\" src=\"https:\/\/kolon-guclendirme.com\/buyukcekmece\/wp-content\/uploads\/sites\/35\/2023\/09\/Buyukcekmece-Karbon-Plaka-Bakimi-6103.webp\" alt=\"B\u00fcy\u00fck\u00e7ekmece Karbonla g\u00fc\u00e7lendirme nas\u0131l yap\u0131l\u0131r\" class=\"wp-image-1604\" srcset=\"https:\/\/kolon-guclendirme.com\/buyukcekmece\/wp-content\/uploads\/sites\/35\/2023\/09\/Buyukcekmece-Karbon-Plaka-Bakimi-6103.webp 853w, https:\/\/kolon-guclendirme.com\/buyukcekmece\/wp-content\/uploads\/sites\/35\/2023\/09\/Buyukcekmece-Karbon-Plaka-Bakimi-6103-768x1080.webp 768w\" sizes=\"(max-width: 853px) 100vw, 853px\" \/><\/a>\n        <\/figure>\n        \n        \n        \n        <figure class=\"wp-block-image size-large\">\n        <a href=\"https:\/\/kolon-guclendirme.com\/buyukcekmece\/wp-content\/uploads\/sites\/35\/2023\/09\/Buyukcekmece-Zemin-karbon-elyaf-guclendirme-firmalari-86036.webp\">\n        <img loading=\"lazy\" decoding=\"async\" width=\"853\" height=\"1200\" data-id=\"1676\" src=\"https:\/\/kolon-guclendirme.com\/buyukcekmece\/wp-content\/uploads\/sites\/35\/2023\/09\/Buyukcekmece-Zemin-karbon-elyaf-guclendirme-firmalari-86036.webp\" alt=\"B\u00fcy\u00fck\u00e7ekmece Carbon ke\u00e7e tavan kaplama malzemesi\" class=\"wp-image-1676\" srcset=\"https:\/\/kolon-guclendirme.com\/buyukcekmece\/wp-content\/uploads\/sites\/35\/2023\/09\/Buyukcekmece-Zemin-karbon-elyaf-guclendirme-firmalari-86036.webp 853w, https:\/\/kolon-guclendirme.com\/buyukcekmece\/wp-content\/uploads\/sites\/35\/2023\/09\/Buyukcekmece-Zemin-karbon-elyaf-guclendirme-firmalari-86036-768x1080.webp 768w\" sizes=\"(max-width: 853px) 100vw, 853px\" \/><\/a>\n        <\/figure>\n        \n        \n        \n        <figure class=\"wp-block-image size-large\">\n        <a href=\"https:\/\/kolon-guclendirme.com\/buyukcekmece\/wp-content\/uploads\/sites\/35\/2023\/09\/Buyukcekmece-Karbon-lif-bina-guclendirme-86124.webp\">\n        <img loading=\"lazy\" decoding=\"async\" width=\"853\" height=\"1200\" data-id=\"1601\" src=\"https:\/\/kolon-guclendirme.com\/buyukcekmece\/wp-content\/uploads\/sites\/35\/2023\/09\/Buyukcekmece-Karbon-lif-bina-guclendirme-86124.webp\" alt=\"B\u00fcy\u00fck\u00e7ekmece Tavan karbon ke\u00e7e kaplama maliyeti\" class=\"wp-image-1601\" srcset=\"https:\/\/kolon-guclendirme.com\/buyukcekmece\/wp-content\/uploads\/sites\/35\/2023\/09\/Buyukcekmece-Karbon-lif-bina-guclendirme-86124.webp 853w, https:\/\/kolon-guclendirme.com\/buyukcekmece\/wp-content\/uploads\/sites\/35\/2023\/09\/Buyukcekmece-Karbon-lif-bina-guclendirme-86124-768x1080.webp 768w\" sizes=\"(max-width: 853px) 100vw, 853px\" \/><\/a>\n        <\/figure>\n        \n        <\/figure>\n","protected":false},"excerpt":{"rendered":"","protected":false},"author":1,"featured_media":0,"parent":0,"menu_order":0,"comment_status":"closed","ping_status":"closed","template":"","meta":{"footnotes":""},"_links":{"self":[{"href":"https:\/\/kolon-guclendirme.com\/buyukcekmece\/wp-json\/wp\/v2\/pages\/1795"}],"collection":[{"href":"https:\/\/kolon-guclendirme.com\/buyukcekmece\/wp-json\/wp\/v2\/pages"}],"about":[{"href":"https:\/\/kolon-guclendirme.com\/buyukcekmece\/wp-json\/wp\/v2\/types\/page"}],"author":[{"embeddable":true,"href":"https:\/\/kolon-guclendirme.com\/buyukcekmece\/wp-json\/wp\/v2\/users\/1"}],"replies":[{"embeddable":true,"href":"https:\/\/kolon-guclendirme.com\/buyukcekmece\/wp-json\/wp\/v2\/comments?post=1795"}],"version-history":[{"count":0,"href":"https:\/\/kolon-guclendirme.com\/buyukcekmece\/wp-json\/wp\/v2\/pages\/1795\/revisions"}],"wp:attachment":[{"href":"https:\/\/kolon-guclendirme.com\/buyukcekmece\/wp-json\/wp\/v2\/media?parent=1795"}],"curies":[{"name":"wp","href":"https:\/\/api.w.org\/{rel}","templated":true}]}}