{"id":1796,"date":"2023-10-06T19:37:55","date_gmt":"2023-10-06T16:37:55","guid":{"rendered":"https:\/\/kolon-guclendirme.com\/bursa\/bursa-karbon-guclendirme-resimleri\/"},"modified":"2023-10-06T19:37:55","modified_gmt":"2023-10-06T16:37:55","slug":"bursa-karbon-guclendirme-resimleri","status":"publish","type":"page","link":"https:\/\/kolon-guclendirme.com\/bursa\/bursa-karbon-guclendirme-resimleri\/","title":{"rendered":"Bursa Karbon G\u00fc\u00e7lendirme Resimleri"},"content":{"rendered":"\n    \n    <figure class=\"wp-block-gallery has-nested-images columns-default is-cropped wp-block-gallery-1 is-layout-flex wp-block-gallery-is-layout-flex\">\n    \n        \n        <figure class=\"wp-block-image size-large\">\n        <a href=\"https:\/\/kolon-guclendirme.com\/bursa\/wp-content\/uploads\/sites\/34\/2023\/09\/Bursa-Bina-carbon-elyaf-kaplama-25336.webp\">\n        <img loading=\"lazy\" decoding=\"async\" width=\"853\" height=\"1200\" data-id=\"1470\" src=\"https:\/\/kolon-guclendirme.com\/bursa\/wp-content\/uploads\/sites\/34\/2023\/09\/Bursa-Bina-carbon-elyaf-kaplama-25336.webp\" alt=\"Bursa Yap\u0131sal izleme\" class=\"wp-image-1470\" srcset=\"https:\/\/kolon-guclendirme.com\/bursa\/wp-content\/uploads\/sites\/34\/2023\/09\/Bursa-Bina-carbon-elyaf-kaplama-25336.webp 853w, https:\/\/kolon-guclendirme.com\/bursa\/wp-content\/uploads\/sites\/34\/2023\/09\/Bursa-Bina-carbon-elyaf-kaplama-25336-768x1080.webp 768w\" sizes=\"(max-width: 853px) 100vw, 853px\" \/><\/a>\n        <\/figure>\n        \n        \n        \n        <figure class=\"wp-block-image size-large\">\n        <a href=\"https:\/\/kolon-guclendirme.com\/bursa\/wp-content\/uploads\/sites\/34\/2023\/09\/Bursa-Teras-frp-lif-kaplama-firmasi-25370.webp\">\n        <img loading=\"lazy\" decoding=\"async\" width=\"853\" height=\"1200\" data-id=\"1649\" src=\"https:\/\/kolon-guclendirme.com\/bursa\/wp-content\/uploads\/sites\/34\/2023\/09\/Bursa-Teras-frp-lif-kaplama-firmasi-25370.webp\" alt=\"Bursa Kolon frp fiber kaplama firmas\u0131\" class=\"wp-image-1649\" srcset=\"https:\/\/kolon-guclendirme.com\/bursa\/wp-content\/uploads\/sites\/34\/2023\/09\/Bursa-Teras-frp-lif-kaplama-firmasi-25370.webp 853w, https:\/\/kolon-guclendirme.com\/bursa\/wp-content\/uploads\/sites\/34\/2023\/09\/Bursa-Teras-frp-lif-kaplama-firmasi-25370-768x1080.webp 768w\" sizes=\"(max-width: 853px) 100vw, 853px\" \/><\/a>\n        <\/figure>\n        \n        \n        \n        <figure class=\"wp-block-image size-large\">\n        <a href=\"https:\/\/kolon-guclendirme.com\/bursa\/wp-content\/uploads\/sites\/34\/2023\/09\/Bursa-Kiris-frp-kaplama-firmasi-73369.webp\">\n        <img loading=\"lazy\" decoding=\"async\" width=\"853\" height=\"1200\" data-id=\"1605\" src=\"https:\/\/kolon-guclendirme.com\/bursa\/wp-content\/uploads\/sites\/34\/2023\/09\/Bursa-Kiris-frp-kaplama-firmasi-73369.webp\" alt=\"Bursa Duvar frp ke\u00e7e g\u00fc\u00e7lendirme fiyat\u0131\" class=\"wp-image-1605\" srcset=\"https:\/\/kolon-guclendirme.com\/bursa\/wp-content\/uploads\/sites\/34\/2023\/09\/Bursa-Kiris-frp-kaplama-firmasi-73369.webp 853w, https:\/\/kolon-guclendirme.com\/bursa\/wp-content\/uploads\/sites\/34\/2023\/09\/Bursa-Kiris-frp-kaplama-firmasi-73369-768x1080.webp 768w\" sizes=\"(max-width: 853px) 100vw, 853px\" \/><\/a>\n        <\/figure>\n        \n        \n        \n        <figure class=\"wp-block-image size-large\">\n        <a href=\"https:\/\/kolon-guclendirme.com\/bursa\/wp-content\/uploads\/sites\/34\/2023\/09\/Bursa-3-katli-yapi-guclendirme-firmasi-72818.webp\">\n        <img loading=\"lazy\" decoding=\"async\" width=\"853\" height=\"1200\" data-id=\"1454\" src=\"https:\/\/kolon-guclendirme.com\/bursa\/wp-content\/uploads\/sites\/34\/2023\/09\/Bursa-3-katli-yapi-guclendirme-firmasi-72818.webp\" alt=\"Bursa Karbon fiber \u00e7ubuklarla kiri\u015f takviyesi\" class=\"wp-image-1454\" srcset=\"https:\/\/kolon-guclendirme.com\/bursa\/wp-content\/uploads\/sites\/34\/2023\/09\/Bursa-3-katli-yapi-guclendirme-firmasi-72818.webp 853w, https:\/\/kolon-guclendirme.com\/bursa\/wp-content\/uploads\/sites\/34\/2023\/09\/Bursa-3-katli-yapi-guclendirme-firmasi-72818-768x1080.webp 768w\" sizes=\"(max-width: 853px) 100vw, 853px\" \/><\/a>\n        <\/figure>\n        \n        \n        \n        <figure class=\"wp-block-image size-large\">\n        <a href=\"https:\/\/kolon-guclendirme.com\/bursa\/wp-content\/uploads\/sites\/34\/2023\/09\/Bursa-6-katli-yapi-guclendirme-fiyati-51862.webp\">\n        <img loading=\"lazy\" decoding=\"async\" width=\"853\" height=\"1200\" data-id=\"1457\" src=\"https:\/\/kolon-guclendirme.com\/bursa\/wp-content\/uploads\/sites\/34\/2023\/09\/Bursa-6-katli-yapi-guclendirme-fiyati-51862.webp\" alt=\"Bursa Bina g\u00fc\u00e7lendirme nedir\" class=\"wp-image-1457\" srcset=\"https:\/\/kolon-guclendirme.com\/bursa\/wp-content\/uploads\/sites\/34\/2023\/09\/Bursa-6-katli-yapi-guclendirme-fiyati-51862.webp 853w, https:\/\/kolon-guclendirme.com\/bursa\/wp-content\/uploads\/sites\/34\/2023\/09\/Bursa-6-katli-yapi-guclendirme-fiyati-51862-768x1080.webp 768w\" sizes=\"(max-width: 853px) 100vw, 853px\" \/><\/a>\n        <\/figure>\n        \n        \n        \n        <figure class=\"wp-block-image size-large\">\n        <a href=\"https:\/\/kolon-guclendirme.com\/bursa\/wp-content\/uploads\/sites\/34\/2023\/09\/Bursa-Carbon-kece-bina-guclendirme-ustasi-51025.webp\">\n        <img loading=\"lazy\" decoding=\"async\" width=\"853\" height=\"1200\" data-id=\"1499\" src=\"https:\/\/kolon-guclendirme.com\/bursa\/wp-content\/uploads\/sites\/34\/2023\/09\/Bursa-Carbon-kece-bina-guclendirme-ustasi-51025.webp\" alt=\"Bursa FRP Uygulama\" class=\"wp-image-1499\" srcset=\"https:\/\/kolon-guclendirme.com\/bursa\/wp-content\/uploads\/sites\/34\/2023\/09\/Bursa-Carbon-kece-bina-guclendirme-ustasi-51025.webp 853w, https:\/\/kolon-guclendirme.com\/bursa\/wp-content\/uploads\/sites\/34\/2023\/09\/Bursa-Carbon-kece-bina-guclendirme-ustasi-51025-768x1080.webp 768w\" sizes=\"(max-width: 853px) 100vw, 853px\" \/><\/a>\n        <\/figure>\n        \n        \n        \n        <figure class=\"wp-block-image size-large\">\n        <a href=\"https:\/\/kolon-guclendirme.com\/bursa\/wp-content\/uploads\/sites\/34\/2023\/09\/Bursa-Kompozit-seritlerle-kolon-takviyesi-29349.webp\">\n        <img loading=\"lazy\" decoding=\"async\" width=\"853\" height=\"1200\" data-id=\"1633\" src=\"https:\/\/kolon-guclendirme.com\/bursa\/wp-content\/uploads\/sites\/34\/2023\/09\/Bursa-Kompozit-seritlerle-kolon-takviyesi-29349.webp\" alt=\"Bursa Yap\u0131 karbon elyaf kaplama firmas\u0131\" class=\"wp-image-1633\" srcset=\"https:\/\/kolon-guclendirme.com\/bursa\/wp-content\/uploads\/sites\/34\/2023\/09\/Bursa-Kompozit-seritlerle-kolon-takviyesi-29349.webp 853w, https:\/\/kolon-guclendirme.com\/bursa\/wp-content\/uploads\/sites\/34\/2023\/09\/Bursa-Kompozit-seritlerle-kolon-takviyesi-29349-768x1080.webp 768w\" sizes=\"(max-width: 853px) 100vw, 853px\" \/><\/a>\n        <\/figure>\n        \n        \n        \n        <figure class=\"wp-block-image size-large\">\n        <a href=\"https:\/\/kolon-guclendirme.com\/bursa\/wp-content\/uploads\/sites\/34\/2023\/09\/Bursa-Sismik-izolasyon-sistemleri-48134.webp\">\n        <img loading=\"lazy\" decoding=\"async\" width=\"853\" height=\"1200\" data-id=\"1634\" src=\"https:\/\/kolon-guclendirme.com\/bursa\/wp-content\/uploads\/sites\/34\/2023\/09\/Bursa-Sismik-izolasyon-sistemleri-48134.webp\" alt=\"Bursa karbon fiber bina g\u00fc\u00e7lendirme y\u00f6ntemleri\" class=\"wp-image-1634\" srcset=\"https:\/\/kolon-guclendirme.com\/bursa\/wp-content\/uploads\/sites\/34\/2023\/09\/Bursa-Sismik-izolasyon-sistemleri-48134.webp 853w, https:\/\/kolon-guclendirme.com\/bursa\/wp-content\/uploads\/sites\/34\/2023\/09\/Bursa-Sismik-izolasyon-sistemleri-48134-768x1080.webp 768w\" sizes=\"(max-width: 853px) 100vw, 853px\" \/><\/a>\n        <\/figure>\n        \n        \n        \n        <figure class=\"wp-block-image size-large\">\n        <a href=\"https:\/\/kolon-guclendirme.com\/bursa\/wp-content\/uploads\/sites\/34\/2023\/09\/Bursa-Zemin-frp-kumas-kaplama-40405.webp\">\n        <img loading=\"lazy\" decoding=\"async\" width=\"853\" height=\"1200\" data-id=\"1672\" src=\"https:\/\/kolon-guclendirme.com\/bursa\/wp-content\/uploads\/sites\/34\/2023\/09\/Bursa-Zemin-frp-kumas-kaplama-40405.webp\" alt=\"Bursa FRP Kolon G\u00fc\u00e7lendirme\" class=\"wp-image-1672\" srcset=\"https:\/\/kolon-guclendirme.com\/bursa\/wp-content\/uploads\/sites\/34\/2023\/09\/Bursa-Zemin-frp-kumas-kaplama-40405.webp 853w, https:\/\/kolon-guclendirme.com\/bursa\/wp-content\/uploads\/sites\/34\/2023\/09\/Bursa-Zemin-frp-kumas-kaplama-40405-768x1080.webp 768w\" sizes=\"(max-width: 853px) 100vw, 853px\" \/><\/a>\n        <\/figure>\n        \n        <\/figure>\n","protected":false},"excerpt":{"rendered":"","protected":false},"author":1,"featured_media":0,"parent":0,"menu_order":0,"comment_status":"closed","ping_status":"closed","template":"","meta":{"footnotes":""},"_links":{"self":[{"href":"https:\/\/kolon-guclendirme.com\/bursa\/wp-json\/wp\/v2\/pages\/1796"}],"collection":[{"href":"https:\/\/kolon-guclendirme.com\/bursa\/wp-json\/wp\/v2\/pages"}],"about":[{"href":"https:\/\/kolon-guclendirme.com\/bursa\/wp-json\/wp\/v2\/types\/page"}],"author":[{"embeddable":true,"href":"https:\/\/kolon-guclendirme.com\/bursa\/wp-json\/wp\/v2\/users\/1"}],"replies":[{"embeddable":true,"href":"https:\/\/kolon-guclendirme.com\/bursa\/wp-json\/wp\/v2\/comments?post=1796"}],"version-history":[{"count":0,"href":"https:\/\/kolon-guclendirme.com\/bursa\/wp-json\/wp\/v2\/pages\/1796\/revisions"}],"wp:attachment":[{"href":"https:\/\/kolon-guclendirme.com\/bursa\/wp-json\/wp\/v2\/media?parent=1796"}],"curies":[{"name":"wp","href":"https:\/\/api.w.org\/{rel}","templated":true}]}}