{"id":418,"date":"2023-09-13T20:05:56","date_gmt":"2023-09-13T17:05:56","guid":{"rendered":"https:\/\/kolon-guclendirme.com\/alanya\/alanya-karbon-guclendirme-resimleri\/"},"modified":"2023-10-06T16:55:33","modified_gmt":"2023-10-06T13:55:33","slug":"alanya-karbon-guclendirme-resimleri","status":"publish","type":"page","link":"https:\/\/kolon-guclendirme.com\/alanya\/alanya-karbon-guclendirme-resimleri\/","title":{"rendered":"Alanya Karbon G\u00fc\u00e7lendirme Resimleri"},"content":{"rendered":"\n<figure class=\"wp-block-gallery has-nested-images columns-default is-cropped wp-block-gallery-1 is-layout-flex wp-block-gallery-is-layout-flex\">\n<figure class=\"wp-block-image size-large\"><a href=\"https:\/\/kolon-guclendirme.com\/alanya\/wp-content\/uploads\/sites\/5\/2023\/09\/Alanya-1-katli-yapi-guclendirme-fiyati-80681.webp\"><img loading=\"lazy\" decoding=\"async\" width=\"853\" height=\"1200\" data-id=\"1678\" src=\"https:\/\/kolon-guclendirme.com\/alanya\/wp-content\/uploads\/sites\/5\/2023\/09\/Alanya-1-katli-yapi-guclendirme-fiyati-80681.webp\" alt=\"\" class=\"wp-image-1678\" srcset=\"https:\/\/kolon-guclendirme.com\/alanya\/wp-content\/uploads\/sites\/5\/2023\/09\/Alanya-1-katli-yapi-guclendirme-fiyati-80681.webp 853w, https:\/\/kolon-guclendirme.com\/alanya\/wp-content\/uploads\/sites\/5\/2023\/09\/Alanya-1-katli-yapi-guclendirme-fiyati-80681-768x1080.webp 768w\" sizes=\"(max-width: 853px) 100vw, 853px\" \/><\/a><\/figure>\n\n\n\n<figure class=\"wp-block-image size-large\"><a href=\"https:\/\/kolon-guclendirme.com\/alanya\/wp-content\/uploads\/sites\/5\/2023\/09\/Alanya-1-katli-bina-guclendirme-firmalari-65727.webp\"><img loading=\"lazy\" decoding=\"async\" width=\"853\" height=\"1200\" data-id=\"1677\" src=\"https:\/\/kolon-guclendirme.com\/alanya\/wp-content\/uploads\/sites\/5\/2023\/09\/Alanya-1-katli-bina-guclendirme-firmalari-65727.webp\" alt=\"Saray Karbon fiber yap\u0131 g\u00fc\u00e7lendirme sistemleri\" class=\"wp-image-1677\" srcset=\"https:\/\/kolon-guclendirme.com\/alanya\/wp-content\/uploads\/sites\/5\/2023\/09\/Alanya-1-katli-bina-guclendirme-firmalari-65727.webp 853w, https:\/\/kolon-guclendirme.com\/alanya\/wp-content\/uploads\/sites\/5\/2023\/09\/Alanya-1-katli-bina-guclendirme-firmalari-65727-768x1080.webp 768w\" sizes=\"(max-width: 853px) 100vw, 853px\" \/><\/a><\/figure>\n\n\n\n<figure class=\"wp-block-image size-large\"><a href=\"https:\/\/kolon-guclendirme.com\/alanya\/wp-content\/uploads\/sites\/5\/2023\/09\/Alanya-Zemin-karbon-kece-guclendirme-fiyati-47176.webp\"><img loading=\"lazy\" decoding=\"async\" width=\"853\" height=\"1200\" data-id=\"1675\" src=\"https:\/\/kolon-guclendirme.com\/alanya\/wp-content\/uploads\/sites\/5\/2023\/09\/Alanya-Zemin-karbon-kece-guclendirme-fiyati-47176.webp\" alt=\"\" class=\"wp-image-1675\" srcset=\"https:\/\/kolon-guclendirme.com\/alanya\/wp-content\/uploads\/sites\/5\/2023\/09\/Alanya-Zemin-karbon-kece-guclendirme-fiyati-47176.webp 853w, https:\/\/kolon-guclendirme.com\/alanya\/wp-content\/uploads\/sites\/5\/2023\/09\/Alanya-Zemin-karbon-kece-guclendirme-fiyati-47176-768x1080.webp 768w\" sizes=\"(max-width: 853px) 100vw, 853px\" \/><\/a><\/figure>\n\n\n\n<figure class=\"wp-block-image size-large\"><a href=\"https:\/\/kolon-guclendirme.com\/alanya\/wp-content\/uploads\/sites\/5\/2023\/09\/Alanya-Zemin-karbon-elyaf-kaplama-fiyati-67281.webp\"><img loading=\"lazy\" decoding=\"async\" width=\"853\" height=\"1200\" data-id=\"1670\" src=\"https:\/\/kolon-guclendirme.com\/alanya\/wp-content\/uploads\/sites\/5\/2023\/09\/Alanya-Zemin-karbon-elyaf-kaplama-fiyati-67281.webp\" alt=\"\" class=\"wp-image-1670\" srcset=\"https:\/\/kolon-guclendirme.com\/alanya\/wp-content\/uploads\/sites\/5\/2023\/09\/Alanya-Zemin-karbon-elyaf-kaplama-fiyati-67281.webp 853w, https:\/\/kolon-guclendirme.com\/alanya\/wp-content\/uploads\/sites\/5\/2023\/09\/Alanya-Zemin-karbon-elyaf-kaplama-fiyati-67281-768x1080.webp 768w\" sizes=\"(max-width: 853px) 100vw, 853px\" \/><\/a><\/figure>\n\n\n\n<figure class=\"wp-block-image size-large\"><a href=\"https:\/\/kolon-guclendirme.com\/alanya\/wp-content\/uploads\/sites\/5\/2023\/09\/Alanya-Zemin-karbon-elyaf-kaplama-maliyeti-74535.webp\"><img loading=\"lazy\" decoding=\"async\" width=\"853\" height=\"1200\" data-id=\"1671\" src=\"https:\/\/kolon-guclendirme.com\/alanya\/wp-content\/uploads\/sites\/5\/2023\/09\/Alanya-Zemin-karbon-elyaf-kaplama-maliyeti-74535.webp\" alt=\"\" class=\"wp-image-1671\" srcset=\"https:\/\/kolon-guclendirme.com\/alanya\/wp-content\/uploads\/sites\/5\/2023\/09\/Alanya-Zemin-karbon-elyaf-kaplama-maliyeti-74535.webp 853w, https:\/\/kolon-guclendirme.com\/alanya\/wp-content\/uploads\/sites\/5\/2023\/09\/Alanya-Zemin-karbon-elyaf-kaplama-maliyeti-74535-768x1080.webp 768w\" sizes=\"(max-width: 853px) 100vw, 853px\" \/><\/a><\/figure>\n\n\n\n<figure class=\"wp-block-image size-large\"><a href=\"https:\/\/kolon-guclendirme.com\/alanya\/wp-content\/uploads\/sites\/5\/2023\/09\/Alanya-Zemin-karbon-guclendirme-firmasi-61642.webp\"><img loading=\"lazy\" decoding=\"async\" width=\"853\" height=\"1200\" data-id=\"1672\" src=\"https:\/\/kolon-guclendirme.com\/alanya\/wp-content\/uploads\/sites\/5\/2023\/09\/Alanya-Zemin-karbon-guclendirme-firmasi-61642.webp\" alt=\"\" class=\"wp-image-1672\" srcset=\"https:\/\/kolon-guclendirme.com\/alanya\/wp-content\/uploads\/sites\/5\/2023\/09\/Alanya-Zemin-karbon-guclendirme-firmasi-61642.webp 853w, https:\/\/kolon-guclendirme.com\/alanya\/wp-content\/uploads\/sites\/5\/2023\/09\/Alanya-Zemin-karbon-guclendirme-firmasi-61642-768x1080.webp 768w\" sizes=\"(max-width: 853px) 100vw, 853px\" \/><\/a><\/figure>\n\n\n\n<figure class=\"wp-block-image size-large\"><a href=\"https:\/\/kolon-guclendirme.com\/alanya\/wp-content\/uploads\/sites\/5\/2023\/09\/Alanya-Zemin-frp-elyaf-guclendirme-firmalari-28074.webp\"><img loading=\"lazy\" decoding=\"async\" width=\"853\" height=\"1200\" data-id=\"1662\" src=\"https:\/\/kolon-guclendirme.com\/alanya\/wp-content\/uploads\/sites\/5\/2023\/09\/Alanya-Zemin-frp-elyaf-guclendirme-firmalari-28074.webp\" alt=\"\" class=\"wp-image-1662\" srcset=\"https:\/\/kolon-guclendirme.com\/alanya\/wp-content\/uploads\/sites\/5\/2023\/09\/Alanya-Zemin-frp-elyaf-guclendirme-firmalari-28074.webp 853w, https:\/\/kolon-guclendirme.com\/alanya\/wp-content\/uploads\/sites\/5\/2023\/09\/Alanya-Zemin-frp-elyaf-guclendirme-firmalari-28074-768x1080.webp 768w\" sizes=\"(max-width: 853px) 100vw, 853px\" \/><\/a><\/figure>\n\n\n\n<figure class=\"wp-block-image size-large\"><a href=\"https:\/\/kolon-guclendirme.com\/alanya\/wp-content\/uploads\/sites\/5\/2023\/09\/Alanya-Yapi-karbon-elyaf-guclendirme-sistemleri-76996.webp\"><img loading=\"lazy\" decoding=\"async\" width=\"853\" height=\"1200\" data-id=\"1653\" src=\"https:\/\/kolon-guclendirme.com\/alanya\/wp-content\/uploads\/sites\/5\/2023\/09\/Alanya-Yapi-karbon-elyaf-guclendirme-sistemleri-76996.webp\" alt=\"\" class=\"wp-image-1653\" srcset=\"https:\/\/kolon-guclendirme.com\/alanya\/wp-content\/uploads\/sites\/5\/2023\/09\/Alanya-Yapi-karbon-elyaf-guclendirme-sistemleri-76996.webp 853w, https:\/\/kolon-guclendirme.com\/alanya\/wp-content\/uploads\/sites\/5\/2023\/09\/Alanya-Yapi-karbon-elyaf-guclendirme-sistemleri-76996-768x1080.webp 768w\" sizes=\"(max-width: 853px) 100vw, 853px\" \/><\/a><\/figure>\n\n\n\n<figure class=\"wp-block-image size-large\"><a href=\"https:\/\/kolon-guclendirme.com\/alanya\/wp-content\/uploads\/sites\/5\/2023\/09\/Alanya-Yapi-karbon-kaplama-malzemesi-80160.webp\"><img loading=\"lazy\" decoding=\"async\" width=\"853\" height=\"1200\" data-id=\"1655\" src=\"https:\/\/kolon-guclendirme.com\/alanya\/wp-content\/uploads\/sites\/5\/2023\/09\/Alanya-Yapi-karbon-kaplama-malzemesi-80160.webp\" alt=\"\" class=\"wp-image-1655\" srcset=\"https:\/\/kolon-guclendirme.com\/alanya\/wp-content\/uploads\/sites\/5\/2023\/09\/Alanya-Yapi-karbon-kaplama-malzemesi-80160.webp 853w, https:\/\/kolon-guclendirme.com\/alanya\/wp-content\/uploads\/sites\/5\/2023\/09\/Alanya-Yapi-karbon-kaplama-malzemesi-80160-768x1080.webp 768w\" sizes=\"(max-width: 853px) 100vw, 853px\" \/><\/a><\/figure>\n\n\n\n<figure class=\"wp-block-image size-large\"><a href=\"https:\/\/kolon-guclendirme.com\/alanya\/wp-content\/uploads\/sites\/5\/2023\/09\/Alanya-Teras-frp-elyaf-kaplama-fiyati-98088.webp\"><img loading=\"lazy\" decoding=\"async\" width=\"853\" height=\"1200\" data-id=\"1643\" src=\"https:\/\/kolon-guclendirme.com\/alanya\/wp-content\/uploads\/sites\/5\/2023\/09\/Alanya-Teras-frp-elyaf-kaplama-fiyati-98088.webp\" alt=\"\" class=\"wp-image-1643\" srcset=\"https:\/\/kolon-guclendirme.com\/alanya\/wp-content\/uploads\/sites\/5\/2023\/09\/Alanya-Teras-frp-elyaf-kaplama-fiyati-98088.webp 853w, https:\/\/kolon-guclendirme.com\/alanya\/wp-content\/uploads\/sites\/5\/2023\/09\/Alanya-Teras-frp-elyaf-kaplama-fiyati-98088-768x1080.webp 768w\" sizes=\"(max-width: 853px) 100vw, 853px\" \/><\/a><\/figure>\n\n\n\n<figure class=\"wp-block-image size-large\"><a href=\"https:\/\/kolon-guclendirme.com\/alanya\/wp-content\/uploads\/sites\/5\/2023\/09\/Alanya-Teras-frp-fiber-kaplama-firmasi-14730.webp\"><img loading=\"lazy\" decoding=\"async\" width=\"853\" height=\"1200\" data-id=\"1644\" src=\"https:\/\/kolon-guclendirme.com\/alanya\/wp-content\/uploads\/sites\/5\/2023\/09\/Alanya-Teras-frp-fiber-kaplama-firmasi-14730.webp\" alt=\"\" class=\"wp-image-1644\" srcset=\"https:\/\/kolon-guclendirme.com\/alanya\/wp-content\/uploads\/sites\/5\/2023\/09\/Alanya-Teras-frp-fiber-kaplama-firmasi-14730.webp 853w, https:\/\/kolon-guclendirme.com\/alanya\/wp-content\/uploads\/sites\/5\/2023\/09\/Alanya-Teras-frp-fiber-kaplama-firmasi-14730-768x1080.webp 768w\" sizes=\"(max-width: 853px) 100vw, 853px\" \/><\/a><\/figure>\n\n\n\n<figure class=\"wp-block-image size-large\"><a href=\"https:\/\/kolon-guclendirme.com\/alanya\/wp-content\/uploads\/sites\/5\/2023\/09\/Alanya-Tasiyici-kiris-takviyesi-10835.webp\"><img loading=\"lazy\" decoding=\"async\" width=\"1200\" height=\"853\" data-id=\"1635\" src=\"https:\/\/kolon-guclendirme.com\/alanya\/wp-content\/uploads\/sites\/5\/2023\/09\/Alanya-Tasiyici-kiris-takviyesi-10835.webp\" alt=\"\" class=\"wp-image-1635\" srcset=\"https:\/\/kolon-guclendirme.com\/alanya\/wp-content\/uploads\/sites\/5\/2023\/09\/Alanya-Tasiyici-kiris-takviyesi-10835.webp 1200w, https:\/\/kolon-guclendirme.com\/alanya\/wp-content\/uploads\/sites\/5\/2023\/09\/Alanya-Tasiyici-kiris-takviyesi-10835-768x546.webp 768w\" sizes=\"(max-width: 1200px) 100vw, 1200px\" \/><\/a><\/figure>\n\n\n\n<figure class=\"wp-block-image size-large\"><a href=\"https:\/\/kolon-guclendirme.com\/alanya\/wp-content\/uploads\/sites\/5\/2023\/09\/Alanya-Kolon-frp-kece-kaplama-yapanlar-75324.webp\"><img loading=\"lazy\" decoding=\"async\" width=\"853\" height=\"1200\" data-id=\"1618\" src=\"https:\/\/kolon-guclendirme.com\/alanya\/wp-content\/uploads\/sites\/5\/2023\/09\/Alanya-Kolon-frp-kece-kaplama-yapanlar-75324.webp\" alt=\"\" class=\"wp-image-1618\" srcset=\"https:\/\/kolon-guclendirme.com\/alanya\/wp-content\/uploads\/sites\/5\/2023\/09\/Alanya-Kolon-frp-kece-kaplama-yapanlar-75324.webp 853w, https:\/\/kolon-guclendirme.com\/alanya\/wp-content\/uploads\/sites\/5\/2023\/09\/Alanya-Kolon-frp-kece-kaplama-yapanlar-75324-768x1080.webp 768w\" sizes=\"(max-width: 853px) 100vw, 853px\" \/><\/a><\/figure>\n\n\n\n<figure class=\"wp-block-image size-large\"><a href=\"https:\/\/kolon-guclendirme.com\/alanya\/wp-content\/uploads\/sites\/5\/2023\/09\/Alanya-Kolon-frp-fiber-kaplama-firmalari-25968.webp\"><img loading=\"lazy\" decoding=\"async\" width=\"853\" height=\"1200\" data-id=\"1617\" src=\"https:\/\/kolon-guclendirme.com\/alanya\/wp-content\/uploads\/sites\/5\/2023\/09\/Alanya-Kolon-frp-fiber-kaplama-firmalari-25968.webp\" alt=\"\" class=\"wp-image-1617\" srcset=\"https:\/\/kolon-guclendirme.com\/alanya\/wp-content\/uploads\/sites\/5\/2023\/09\/Alanya-Kolon-frp-fiber-kaplama-firmalari-25968.webp 853w, https:\/\/kolon-guclendirme.com\/alanya\/wp-content\/uploads\/sites\/5\/2023\/09\/Alanya-Kolon-frp-fiber-kaplama-firmalari-25968-768x1080.webp 768w\" sizes=\"(max-width: 853px) 100vw, 853px\" \/><\/a><\/figure>\n\n\n\n<figure class=\"wp-block-image size-large\"><a href=\"https:\/\/kolon-guclendirme.com\/alanya\/wp-content\/uploads\/sites\/5\/2023\/09\/Alanya-Kolon-frp-fiber-guclendirme-fiyatlari-82696.webp\"><img loading=\"lazy\" decoding=\"async\" width=\"853\" height=\"1200\" data-id=\"1616\" src=\"https:\/\/kolon-guclendirme.com\/alanya\/wp-content\/uploads\/sites\/5\/2023\/09\/Alanya-Kolon-frp-fiber-guclendirme-fiyatlari-82696.webp\" alt=\"\" class=\"wp-image-1616\" srcset=\"https:\/\/kolon-guclendirme.com\/alanya\/wp-content\/uploads\/sites\/5\/2023\/09\/Alanya-Kolon-frp-fiber-guclendirme-fiyatlari-82696.webp 853w, https:\/\/kolon-guclendirme.com\/alanya\/wp-content\/uploads\/sites\/5\/2023\/09\/Alanya-Kolon-frp-fiber-guclendirme-fiyatlari-82696-768x1080.webp 768w\" sizes=\"(max-width: 853px) 100vw, 853px\" \/><\/a><\/figure>\n\n\n\n<figure class=\"wp-block-image size-large\"><a href=\"https:\/\/kolon-guclendirme.com\/alanya\/wp-content\/uploads\/sites\/5\/2023\/09\/Alanya-Kiris-guclendirme-yontemleri-58246.webp\"><img loading=\"lazy\" decoding=\"async\" width=\"853\" height=\"1200\" data-id=\"1606\" src=\"https:\/\/kolon-guclendirme.com\/alanya\/wp-content\/uploads\/sites\/5\/2023\/09\/Alanya-Kiris-guclendirme-yontemleri-58246.webp\" alt=\"\" class=\"wp-image-1606\" srcset=\"https:\/\/kolon-guclendirme.com\/alanya\/wp-content\/uploads\/sites\/5\/2023\/09\/Alanya-Kiris-guclendirme-yontemleri-58246.webp 853w, https:\/\/kolon-guclendirme.com\/alanya\/wp-content\/uploads\/sites\/5\/2023\/09\/Alanya-Kiris-guclendirme-yontemleri-58246-768x1080.webp 768w\" sizes=\"(max-width: 853px) 100vw, 853px\" \/><\/a><\/figure>\n\n\n\n<figure class=\"wp-block-image size-large\"><a href=\"https:\/\/kolon-guclendirme.com\/alanya\/wp-content\/uploads\/sites\/5\/2023\/09\/Alanya-Kiris-guclendirme-nasil-yapilir-76214.webp\"><img loading=\"lazy\" decoding=\"async\" width=\"853\" height=\"1200\" data-id=\"1605\" src=\"https:\/\/kolon-guclendirme.com\/alanya\/wp-content\/uploads\/sites\/5\/2023\/09\/Alanya-Kiris-guclendirme-nasil-yapilir-76214.webp\" alt=\"\" class=\"wp-image-1605\" srcset=\"https:\/\/kolon-guclendirme.com\/alanya\/wp-content\/uploads\/sites\/5\/2023\/09\/Alanya-Kiris-guclendirme-nasil-yapilir-76214.webp 853w, https:\/\/kolon-guclendirme.com\/alanya\/wp-content\/uploads\/sites\/5\/2023\/09\/Alanya-Kiris-guclendirme-nasil-yapilir-76214-768x1080.webp 768w\" sizes=\"(max-width: 853px) 100vw, 853px\" \/><\/a><\/figure>\n<\/figure>\n","protected":false},"excerpt":{"rendered":"","protected":false},"author":1,"featured_media":0,"parent":0,"menu_order":0,"comment_status":"closed","ping_status":"closed","template":"","meta":{"footnotes":""},"_links":{"self":[{"href":"https:\/\/kolon-guclendirme.com\/alanya\/wp-json\/wp\/v2\/pages\/418"}],"collection":[{"href":"https:\/\/kolon-guclendirme.com\/alanya\/wp-json\/wp\/v2\/pages"}],"about":[{"href":"https:\/\/kolon-guclendirme.com\/alanya\/wp-json\/wp\/v2\/types\/page"}],"author":[{"embeddable":true,"href":"https:\/\/kolon-guclendirme.com\/alanya\/wp-json\/wp\/v2\/users\/1"}],"replies":[{"embeddable":true,"href":"https:\/\/kolon-guclendirme.com\/alanya\/wp-json\/wp\/v2\/comments?post=418"}],"version-history":[{"count":1,"href":"https:\/\/kolon-guclendirme.com\/alanya\/wp-json\/wp\/v2\/pages\/418\/revisions"}],"predecessor-version":[{"id":1891,"href":"https:\/\/kolon-guclendirme.com\/alanya\/wp-json\/wp\/v2\/pages\/418\/revisions\/1891"}],"wp:attachment":[{"href":"https:\/\/kolon-guclendirme.com\/alanya\/wp-json\/wp\/v2\/media?parent=418"}],"curies":[{"name":"wp","href":"https:\/\/api.w.org\/{rel}","templated":true}]}}